{"id":3243,"date":"2023-10-07T11:20:14","date_gmt":"2023-10-07T03:20:14","guid":{"rendered":"https:\/\/maxtormetal.com\/?post_type=product&#038;p=3243"},"modified":"2025-05-29T14:24:06","modified_gmt":"2025-05-29T06:24:06","slug":"laminas-raspadoras","status":"publish","type":"product","link":"https:\/\/maxtormetal.com\/pt\/produto\/laminas-raspadoras\/","title":{"rendered":"L\u00e2minas de Raspagem"},"content":{"rendered":"<h3 data-sourcepos=\"3:1-3:31\">O que significam as l\u00e2minas Rasper?<\/h3>\r\n<p data-sourcepos=\"5:1-5:1010\">O termo \u201cL\u00e2minas Raspadoras\u201d refere-se a um tipo de ferramenta de corte caracterizada por uma s\u00e9rie de dentes individuais e elevados, ou proje\u00e7\u00f5es, projetadas para abrasar, raspar ou reduzir o material por meio de uma a\u00e7\u00e3o de fric\u00e7\u00e3o ou raspagem, em vez de um corte limpo. Ao contr\u00e1rio das l\u00e2minas tradicionais com fio de corte cont\u00ednuo, as L\u00e2minas Raspadoras funcionam por meio de uma infinidade de pontas pequenas e afiadas que rasgam o material \u00e0 medida que a l\u00e2mina \u00e9 movida pela superf\u00edcie. Elas s\u00e3o comumente usadas para processar materiais mais macios ou fibrosos, onde uma a\u00e7\u00e3o de corte pode comprimir ou distorcer o material. As aplica\u00e7\u00f5es variam da marcenaria e processamento de alimentos \u00e0s ind\u00fastrias m\u00e9dica e t\u00eaxtil. O design espec\u00edfico dos dentes (formato, tamanho, densidade e orienta\u00e7\u00e3o) determina a textura e a taxa de remo\u00e7\u00e3o do material. As L\u00e2minas Raspadoras tamb\u00e9m s\u00e3o \u00e0s vezes chamadas de \u201cl\u00e2minas raladoras\u201d, \u201cl\u00e2minas dentadas\u201d, \u201cl\u00e2minas de abras\u00e3o\u201d, \u201cl\u00e2minas de raspagem\u201d, \u201cl\u00e2minas de texturiza\u00e7\u00e3o\u201d ou \u201cl\u00e2minas de pino\u201d, dependendo da aplica\u00e7\u00e3o espec\u00edfica e do material a ser processado.<\/p>\r\n<h3 data-sourcepos=\"7:1-7:42\">Usos e aplica\u00e7\u00f5es de l\u00e2minas raspadoras<\/h3>\r\n<p data-sourcepos=\"9:1-9:126\">As l\u00e2minas raspadoras s\u00e3o ferramentas vers\u00e1teis usadas em v\u00e1rios setores para remo\u00e7\u00e3o controlada de materiais e modifica\u00e7\u00e3o de superf\u00edcies:<\/p>\r\n<ul data-sourcepos=\"11:1-19:0\">\r\n<li data-sourcepos=\"11:1-11:168\"><strong>Marcenaria:<\/strong> Usado para moldar madeira, criar superf\u00edcies texturizadas e remover material de maneira controlada, geralmente para dar forma grosseira antes do uso de ferramentas mais finas.<\/li>\r\n<li data-sourcepos=\"12:1-12:214\"><strong>Processamento de Alimentos:<\/strong> Utilizado em m\u00e1quinas especializadas para ralar, triturar ou reduzir o tamanho de frutas, vegetais, queijos e outros produtos aliment\u00edcios. O design minimiza o amassamento e preserva a textura.<\/li>\r\n<li data-sourcepos=\"13:1-13:125\"><strong>Trabalho em couro:<\/strong> Usado para afinar bordas de couro, criar superf\u00edcies texturizadas ou remover material para designs espec\u00edficos.<\/li>\r\n<li data-sourcepos=\"14:1-14:155\"><strong>Ind\u00fastria T\u00eaxtil:<\/strong> Em algumas aplica\u00e7\u00f5es especializadas, l\u00e2minas raspadoras podem ser usadas para criar efeitos texturizados em tecidos ou para processos de delamina\u00e7\u00e3o.<\/li>\r\n<li data-sourcepos=\"15:1-15:112\"><strong>Ind\u00fastria m\u00e9dica:<\/strong> Utilizado em instrumentos cir\u00fargicos para remo\u00e7\u00e3o \u00f3ssea ou abras\u00e3o de tecidos de forma controlada.<\/li>\r\n<li data-sourcepos=\"16:1-16:140\"><strong>Processamento de pl\u00e1sticos:<\/strong> Empregado para criar superf\u00edcies texturizadas em pe\u00e7as pl\u00e1sticas ou para redu\u00e7\u00e3o de tamanho bruto em alguns processos de reciclagem.<\/li>\r\n<li data-sourcepos=\"17:1-17:116\"><strong>Processamento de borracha:<\/strong> Usado para criar superf\u00edcies texturizadas em produtos de borracha ou para preparar borracha para colagem.<\/li>\r\n<li data-sourcepos=\"18:1-19:0\"><strong>Agricultura:<\/strong> Usado em algumas m\u00e1quinas de colheita ou processamento para separar ou reduzir materiais vegetais.<\/li>\r\n<\/ul>\r\n<p data-sourcepos=\"20:1-20:179\">O design espec\u00edfico da l\u00e2mina raspadora, incluindo o tamanho, o formato e a densidade dos dentes, \u00e9 crucial para a aplica\u00e7\u00e3o pretendida e o tipo de material que est\u00e1 sendo processado.<\/p>\r\n<h3 data-sourcepos=\"22:1-22:38\">Materiais comuns para l\u00e2minas de raspador<\/h3>\r\n<p data-sourcepos=\"24:1-24:281\">Os materiais utilizados na fabrica\u00e7\u00e3o das l\u00e2minas de raspador s\u00e3o selecionados por sua dureza, para manter os dentes afiados, resist\u00eancia ao desgaste, para suportar a abras\u00e3o, e resist\u00eancia \u00e0 corros\u00e3o, dependendo da aplica\u00e7\u00e3o (especialmente nas ind\u00fastrias aliment\u00edcia e m\u00e9dica). Os materiais comuns incluem:<\/p>\r\n<ul data-sourcepos=\"26:1-30:0\">\r\n<li data-sourcepos=\"26:1-26:187\"><strong>A\u00e7o carbono:<\/strong> Pode ser temperado para criar dentes afiados e dur\u00e1veis, adequados para marcenaria e algumas aplica\u00e7\u00f5es industriais. Pode exigir revestimentos ou manuten\u00e7\u00e3o cuidadosa para evitar ferrugem.<\/li>\r\n<li data-sourcepos=\"27:1-27:277\"><strong>A\u00e7o inoxid\u00e1vel (v\u00e1rios graus, por exemplo, 304, 420, 440):<\/strong> Oferece excelente resist\u00eancia \u00e0 corros\u00e3o e pode ser temperado para proporcionar dentes dur\u00e1veis, tornando-o ideal para processamento de alimentos e aplica\u00e7\u00f5es m\u00e9dicas. Diferentes graus oferecem n\u00edveis variados de dureza e resist\u00eancia ao desgaste.<\/li>\r\n<li data-sourcepos=\"28:1-28:187\"><strong>A\u00e7os para ferramentas (por exemplo, D2, M2):<\/strong> Oferece um bom equil\u00edbrio entre dureza, tenacidade e resist\u00eancia ao desgaste, adequado para aplica\u00e7\u00f5es industriais mais exigentes e processamento de materiais mais resistentes.<\/li>\r\n<li data-sourcepos=\"29:1-30:0\"><strong>Ligas Especiais:<\/strong> Em algumas aplica\u00e7\u00f5es altamente especializadas, ligas com propriedades espec\u00edficas, como biocompatibilidade (para uso m\u00e9dico) ou alta resist\u00eancia ao desgaste (para materiais abrasivos), podem ser usadas.<\/li>\r\n<\/ul>\r\n<p data-sourcepos=\"31:1-31:312\">O processo de fabrica\u00e7\u00e3o frequentemente envolve estampagem de precis\u00e3o, grava\u00e7\u00e3o ou corte a laser para criar os intrincados padr\u00f5es dos dentes na l\u00e2mina. O tratamento t\u00e9rmico \u00e9 crucial para atingir a dureza e a durabilidade desejadas. Revestimentos, como nitreto de tit\u00e2nio, podem ser aplicados para aumentar a resist\u00eancia ao desgaste e reduzir o atrito.<\/p>\r\n<h3 data-sourcepos=\"33:1-33:34\">Formas comuns de l\u00e2minas de raspador<\/h3>\r\n<p data-sourcepos=\"35:1-35:103\">As l\u00e2minas de raspador v\u00eam em uma variedade de formatos e configura\u00e7\u00f5es de dentes, dependendo do uso pretendido:<\/p>\r\n<ul data-sourcepos=\"37:1-44:0\">\r\n<li data-sourcepos=\"37:1-37:134\"><strong>L\u00e2minas planas:<\/strong> Formatos retangulares ou outros formatos planos com dentes em uma ou ambas as superf\u00edcies, usados em ferramentas manuais ou m\u00e1quinas de movimento linear.<\/li>\r\n<li data-sourcepos=\"38:1-38:168\"><strong>L\u00e2minas circulares (raspadores rotativos):<\/strong> L\u00e2minas em forma de disco com dentes dispostos radialmente ou em padr\u00f5es na superf\u00edcie, usadas em m\u00e1quinas rotativas para abras\u00e3o cont\u00ednua.<\/li>\r\n<li data-sourcepos=\"39:1-39:130\"><strong>Raspadores cil\u00edndricos:<\/strong> Ferramentas em forma de tambor com dentes na superf\u00edcie externa, frequentemente usadas em m\u00e1quinas rotativas de abras\u00e3o ou tritura\u00e7\u00e3o.<\/li>\r\n<li data-sourcepos=\"40:1-40:96\"><strong>Raspadores c\u00f4nicos:<\/strong> L\u00e2minas c\u00f4nicas com dentes, usadas para moldar ou rebarbar superf\u00edcies curvas.<\/li>\r\n<li data-sourcepos=\"41:1-41:89\"><strong>Raspers Curvos:<\/strong> L\u00e2minas com perfil curvo para se adaptar ao contorno da pe\u00e7a de trabalho.<\/li>\r\n<li data-sourcepos=\"42:1-42:328\"><strong>V\u00e1rios formatos e tamanhos de dentes:<\/strong> Os dentes podem ter pontas afiadas, bordas elevadas ou formas geom\u00e9tricas mais complexas. A densidade e o tamanho dos dentes variam dependendo da aspereza desejada da a\u00e7\u00e3o de raspagem. Dentes mais grossos removem o material mais rapidamente e criam uma superf\u00edcie mais \u00e1spera, enquanto dentes mais finos proporcionam um acabamento mais liso.<\/li>\r\n<li data-sourcepos=\"43:1-44:0\"><strong>Dentes padronizados:<\/strong> Algumas l\u00e2minas de raspagem apresentam padr\u00f5es espec\u00edficos de dentes projetados para materiais ou texturas particulares.<\/li>\r\n<\/ul>\r\n<p data-sourcepos=\"45:1-45:174\">O mecanismo de montagem tamb\u00e9m varia dependendo da aplica\u00e7\u00e3o, incluindo furos para parafusamento, hastes para inser\u00e7\u00e3o em cabos ou m\u00e1quinas ou outros acess\u00f3rios especializados.<\/p>\r\n<p>Se voc\u00ea n\u00e3o encontrar a l\u00e2mina que procura, tamb\u00e9m podemos personaliz\u00e1-la. Veja nossa se\u00e7\u00e3o <span style=\"color: #ff9900;\">\u201c<a style=\"color: #ff9900;\" href=\"https:\/\/maxtormetal.com\/pt\/custom-blades\/\" target=\"_blank\" rel=\"noopener\"><em><strong>L\u00e2minas Personalizadas<\/strong><\/em><\/a>&quot;<\/span> para saber como!\u00a0<span style=\"color: #ff9900;\"><em><strong><a style=\"color: #ff9900;\" href=\"https:\/\/maxtormetal.com\/pt\/contact\/\" target=\"_blank\" rel=\"noopener\">Bem-vindo a consultar!<\/a><\/strong><\/em><\/span><\/p>\r\n<h4><a href=\"https:\/\/maxtormetal.com\/pt\/brochures\/\" target=\"_blank\" rel=\"noopener\"><strong><em><span style=\"color: #ff9900;\">Abrir Brochuras<\/span><\/em><\/strong><\/a><\/h4>\r\n<hr \/>\r\n<h2>Por Que Escolher a METAL?<\/h2>\r\n<ol>\r\n<li>\r\n<h3><strong> Servi\u00e7o de Importa\u00e7\u00e3o Completo e Sem Complica\u00e7\u00f5es<\/strong><\/h3>\r\n<\/li>\r\n<\/ol>\r\n<p>Aproveite a conveni\u00eancia de uma importa\u00e7\u00e3o sem problemas. Do transporte ao desembara\u00e7o aduaneiro, cuidamos de todo o processo. Tudo o que voc\u00ea precisa fazer \u00e9 pagar o IVA e aguardar a chegada de suas mercadorias.<\/p>\r\n<ol start=\"2\">\r\n<li>\r\n<h3><strong> Pre\u00e7os Competitivos<\/strong><\/h3>\r\n<\/li>\r\n<\/ol>\r\n<p>Vimos nossas l\u00e2minas se destacarem em in\u00fameras aplica\u00e7\u00f5es e estamos prontos para qualquer projeto que voc\u00ea nos apresentar. Espere precis\u00e3o, durabilidade e pre\u00e7os competitivos inigual\u00e1veis.<\/p>\r\n<ol start=\"3\">\r\n<li>\r\n<h3><strong> ODM &amp; OEM Dispon\u00edveis<\/strong><\/h3>\r\n<\/li>\r\n<\/ol>\r\n<p>Seja qual for o seu caso, desenhos, esbo\u00e7os ou amostras, podemos projetar e fabricar para voc\u00ea. Tamb\u00e9m temos a capacidade de auxiliar na modifica\u00e7\u00e3o de designs e especifica\u00e7\u00f5es existentes para melhorar praticamente qualquer aplica\u00e7\u00e3o de ferramentas industriais. Entre em contato com nossa equipe de vendas dedicada para discutir suas necessidades espec\u00edficas.<\/p>\r\n<ol start=\"4\">\r\n<li>\r\n<h3><strong> Controle de Qualidade Rigoroso<\/strong><\/h3>\r\n<\/li>\r\n<\/ol>\r\n<p>Uma s\u00e9rie de testes e inspe\u00e7\u00f5es s\u00e3o realizadas para controlar a qualidade, incluindo inspe\u00e7\u00e3o do primeiro artigo, inspe\u00e7\u00e3o de material recebido e materiais certificados, inspe\u00e7\u00e3o de qualidade em processo e inspe\u00e7\u00e3o de qualidade final.<\/p>\r\n<ol start=\"5\">\r\n<li>\r\n<h3><strong> Aquisi\u00e7\u00e3o Flex\u00edvel, Coopera\u00e7\u00e3o Ilimitada<\/strong><\/h3>\r\n<\/li>\r\n<\/ol>\r\n<p>Seja voc\u00ea um importador, distribuidor, atacadista ou usu\u00e1rio final, n\u00f3s o acolhemos. Beneficie-se de MOQs m\u00ednimos, consultas sem complica\u00e7\u00f5es e maior liberdade de compra.<\/p>\r\n<ol start=\"6\">\r\n<li>\r\n<h3><strong> Monitoramento em Tempo Real do Progresso da Produ\u00e7\u00e3o<\/strong><\/h3>\r\n<\/li>\r\n<\/ol>\r\n<p>Considere-nos seu monitor exclusivo. Forneceremos atualiza\u00e7\u00f5es regulares sobre cada etapa crucial de sua linha de produ\u00e7\u00e3o. Independentemente da dist\u00e2ncia, voc\u00ea ter\u00e1 informa\u00e7\u00f5es em tempo real sobre o progresso de seu produto.<\/p>","protected":false},"excerpt":{"rendered":"<p>What do Rasper Blades Mean? The term &#8220;Rasper Blades&#8221; refers to a type of cutting tool characterized by a series of individual, raised teeth or projections designed to abrade, scrape, or reduce material through a rubbing or grating action rather than a clean cut. Unlike traditional blades with a continuous cutting edge, Rasper Blades function [&hellip;]<\/p>","protected":false},"featured_media":3246,"template":"","meta":[],"product_cat":[102,108,109],"product_tag":[374],"yoast_head":"<!-- This site is optimized with the Yoast SEO Premium plugin v23.6 (Yoast SEO v23.6) - https:\/\/yoast.com\/wordpress\/plugins\/seo\/ -->\n<title>Rasper Blades - Metal Industrial, Industrial Blade Manufacturer, Cutting Knives and blades, Machine Knives and blades supplier, Custom Blades solution<\/title>\n<meta name=\"description\" content=\"Discover high-quality Rasper Blades for efficient abrasion, grating, and texturing of wood, food, leather, and more. Explore various applications!\" \/>\n<meta name=\"robots\" content=\"index, follow, max-snippet:-1, max-image-preview:large, max-video-preview:-1\" \/>\n<link rel=\"canonical\" href=\"https:\/\/maxtormetal.com\/pt\/produto\/laminas-raspadoras\/\" \/>\n<meta property=\"og:locale\" content=\"pt_PT\" \/>\n<meta property=\"og:type\" content=\"article\" \/>\n<meta property=\"og:title\" content=\"Rasper Blades\" \/>\n<meta property=\"og:description\" content=\"Discover high-quality Rasper Blades for efficient abrasion, grating, and texturing of wood, food, leather, and more. Explore various applications!\" \/>\n<meta property=\"og:url\" content=\"https:\/\/maxtormetal.com\/pt\/produto\/laminas-raspadoras\/\" \/>\n<meta property=\"og:site_name\" content=\"Metal Industrial, Industrial Blade Manufacturer, Cutting Knives and blades, Machine Knives and blades supplier, Custom Blades solution\" \/>\n<meta property=\"article:publisher\" content=\"https:\/\/www.facebook.com\/mengli.tang.3\" \/>\n<meta property=\"article:modified_time\" content=\"2025-05-29T06:24:06+00:00\" \/>\n<meta property=\"og:image\" content=\"https:\/\/maxtormetal.com\/wp-content\/uploads\/2023\/10\/Rasper-blades-main21.jpg\" \/>\n\t<meta property=\"og:image:width\" content=\"800\" \/>\n\t<meta property=\"og:image:height\" content=\"800\" \/>\n\t<meta property=\"og:image:type\" content=\"image\/jpeg\" \/>\n<meta name=\"twitter:card\" content=\"summary_large_image\" \/>\n<meta name=\"twitter:site\" content=\"@MengliT13570\" \/>\n<script type=\"application\/ld+json\" class=\"yoast-schema-graph\">{\"@context\":\"https:\/\/schema.org\",\"@graph\":[{\"@type\":[\"WebPage\",\"ItemPage\"],\"@id\":\"https:\/\/maxtormetal.com\/product\/rasper-blades\/\",\"url\":\"https:\/\/maxtormetal.com\/product\/rasper-blades\/\",\"name\":\"Rasper Blades - Metal Industrial, Industrial Blade Manufacturer, Cutting Knives and blades, Machine Knives and blades supplier, Custom Blades solution\",\"isPartOf\":{\"@id\":\"https:\/\/maxtormetal.com\/fr\/#website\"},\"primaryImageOfPage\":{\"@id\":\"https:\/\/maxtormetal.com\/product\/rasper-blades\/#primaryimage\"},\"image\":{\"@id\":\"https:\/\/maxtormetal.com\/product\/rasper-blades\/#primaryimage\"},\"thumbnailUrl\":\"https:\/\/maxtormetal.com\/wp-content\/uploads\/2023\/10\/Rasper-blades-main21.jpg\",\"datePublished\":\"2023-10-07T03:20:14+00:00\",\"dateModified\":\"2025-05-29T06:24:06+00:00\",\"description\":\"Discover high-quality Rasper Blades for efficient abrasion, grating, and texturing of wood, food, leather, and more. Explore various applications!\",\"breadcrumb\":{\"@id\":\"https:\/\/maxtormetal.com\/product\/rasper-blades\/#breadcrumb\"},\"inLanguage\":\"pt-PT\",\"potentialAction\":[{\"@type\":\"ReadAction\",\"target\":[\"https:\/\/maxtormetal.com\/product\/rasper-blades\/\"]}]},{\"@type\":\"ImageObject\",\"inLanguage\":\"pt-PT\",\"@id\":\"https:\/\/maxtormetal.com\/product\/rasper-blades\/#primaryimage\",\"url\":\"https:\/\/maxtormetal.com\/wp-content\/uploads\/2023\/10\/Rasper-blades-main21.jpg\",\"contentUrl\":\"https:\/\/maxtormetal.com\/wp-content\/uploads\/2023\/10\/Rasper-blades-main21.jpg\",\"width\":800,\"height\":800,\"caption\":\"Rasper Blade for woodworking\"},{\"@type\":\"BreadcrumbList\",\"@id\":\"https:\/\/maxtormetal.com\/product\/rasper-blades\/#breadcrumb\",\"itemListElement\":[{\"@type\":\"ListItem\",\"position\":1,\"name\":\"Home\",\"item\":\"https:\/\/maxtormetal.com\/\"},{\"@type\":\"ListItem\",\"position\":2,\"name\":\"Products\",\"item\":\"https:\/\/maxtormetal.com\/products\/\"},{\"@type\":\"ListItem\",\"position\":3,\"name\":\"Rasper Blades\"}]},{\"@type\":\"WebSite\",\"@id\":\"https:\/\/maxtormetal.com\/fr\/#website\",\"url\":\"https:\/\/maxtormetal.com\/fr\/\",\"name\":\"Metal Industrial, Industrial Blade Manufacturer, Cutting Knives and blades, Machine Knives and blades supplier, Custom Blades solution\",\"description\":\"Mechanical blades and knives supplier for all machines made by China\",\"publisher\":{\"@id\":\"https:\/\/maxtormetal.com\/fr\/#organization\"},\"potentialAction\":[{\"@type\":\"SearchAction\",\"target\":{\"@type\":\"EntryPoint\",\"urlTemplate\":\"https:\/\/maxtormetal.com\/fr\/?s={search_term_string}\"},\"query-input\":{\"@type\":\"PropertyValueSpecification\",\"valueRequired\":true,\"valueName\":\"search_term_string\"}}],\"inLanguage\":\"pt-PT\"},{\"@type\":[\"Organization\",\"Place\"],\"@id\":\"https:\/\/maxtormetal.com\/fr\/#organization\",\"name\":\"Nanjing Metal Industrial CO., Limited\",\"alternateName\":\"Metal Industrial\",\"url\":\"https:\/\/maxtormetal.com\/fr\/\",\"logo\":{\"@id\":\"https:\/\/maxtormetal.com\/product\/rasper-blades\/#local-main-organization-logo\"},\"image\":{\"@id\":\"https:\/\/maxtormetal.com\/product\/rasper-blades\/#local-main-organization-logo\"},\"sameAs\":[\"https:\/\/www.facebook.com\/mengli.tang.3\",\"https:\/\/x.com\/MengliT13570\",\"https:\/\/www.linkedin.com\/in\/metalindustrial\/\"],\"description\":\"NanjingMetal is specialized in manufacturing and supplying industrial blades and knives, and its main business is to provide customers with customized industrial blades to meet their specific needs. With an experienced design and production team, we utilize the supply chain advantage in China to provide customers with competitive high quality industrial blades and knives.\",\"legalName\":\"Nanjing Metal Industrial CO., Limited\",\"foundingDate\":\"2006-02-18\",\"numberOfEmployees\":{\"@type\":\"QuantitativeValue\",\"minValue\":\"11\",\"maxValue\":\"50\"},\"telephone\":[],\"openingHoursSpecification\":[{\"@type\":\"OpeningHoursSpecification\",\"dayOfWeek\":[\"Monday\",\"Tuesday\",\"Wednesday\",\"Thursday\",\"Friday\",\"Saturday\",\"Sunday\"],\"opens\":\"09:00\",\"closes\":\"17:00\"}]},{\"@type\":\"ImageObject\",\"inLanguage\":\"pt-PT\",\"@id\":\"https:\/\/maxtormetal.com\/product\/rasper-blades\/#local-main-organization-logo\",\"url\":\"https:\/\/maxtormetal.com\/wp-content\/uploads\/2023\/08\/cropped-cropped-logo-\u526f\u672c-\u526f\u672c-e1693303172756-1.png\",\"contentUrl\":\"https:\/\/maxtormetal.com\/wp-content\/uploads\/2023\/08\/cropped-cropped-logo-\u526f\u672c-\u526f\u672c-e1693303172756-1.png\",\"width\":441,\"height\":132,\"caption\":\"Nanjing Metal Industrial CO., Limited\"}]}<\/script>\n<!-- \/ Yoast SEO Premium plugin. -->","yoast_head_json":{"title":"Rasper Blades - Metal Industrial, Industrial Blade Manufacturer, Cutting Knives and blades, Machine Knives and blades supplier, Custom Blades solution","description":"Discover high-quality Rasper Blades for efficient abrasion, grating, and texturing of wood, food, leather, and more. Explore various applications!","robots":{"index":"index","follow":"follow","max-snippet":"max-snippet:-1","max-image-preview":"max-image-preview:large","max-video-preview":"max-video-preview:-1"},"canonical":"https:\/\/maxtormetal.com\/pt\/produto\/laminas-raspadoras\/","og_locale":"pt_PT","og_type":"article","og_title":"Rasper Blades","og_description":"Discover high-quality Rasper Blades for efficient abrasion, grating, and texturing of wood, food, leather, and more. Explore various applications!","og_url":"https:\/\/maxtormetal.com\/pt\/produto\/laminas-raspadoras\/","og_site_name":"Metal Industrial, Industrial Blade Manufacturer, Cutting Knives and blades, Machine Knives and blades supplier, Custom Blades solution","article_publisher":"https:\/\/www.facebook.com\/mengli.tang.3","article_modified_time":"2025-05-29T06:24:06+00:00","og_image":[{"width":800,"height":800,"url":"https:\/\/maxtormetal.com\/wp-content\/uploads\/2023\/10\/Rasper-blades-main21.jpg","type":"image\/jpeg"}],"twitter_card":"summary_large_image","twitter_site":"@MengliT13570","schema":{"@context":"https:\/\/schema.org","@graph":[{"@type":["WebPage","ItemPage"],"@id":"https:\/\/maxtormetal.com\/product\/rasper-blades\/","url":"https:\/\/maxtormetal.com\/product\/rasper-blades\/","name":"Rasper Blades - Metal Industrial, Industrial Blade Manufacturer, Cutting Knives and blades, Machine Knives and blades supplier, Custom Blades solution","isPartOf":{"@id":"https:\/\/maxtormetal.com\/fr\/#website"},"primaryImageOfPage":{"@id":"https:\/\/maxtormetal.com\/product\/rasper-blades\/#primaryimage"},"image":{"@id":"https:\/\/maxtormetal.com\/product\/rasper-blades\/#primaryimage"},"thumbnailUrl":"https:\/\/maxtormetal.com\/wp-content\/uploads\/2023\/10\/Rasper-blades-main21.jpg","datePublished":"2023-10-07T03:20:14+00:00","dateModified":"2025-05-29T06:24:06+00:00","description":"Discover high-quality Rasper Blades for efficient abrasion, grating, and texturing of wood, food, leather, and more. Explore various applications!","breadcrumb":{"@id":"https:\/\/maxtormetal.com\/product\/rasper-blades\/#breadcrumb"},"inLanguage":"pt-PT","potentialAction":[{"@type":"ReadAction","target":["https:\/\/maxtormetal.com\/product\/rasper-blades\/"]}]},{"@type":"ImageObject","inLanguage":"pt-PT","@id":"https:\/\/maxtormetal.com\/product\/rasper-blades\/#primaryimage","url":"https:\/\/maxtormetal.com\/wp-content\/uploads\/2023\/10\/Rasper-blades-main21.jpg","contentUrl":"https:\/\/maxtormetal.com\/wp-content\/uploads\/2023\/10\/Rasper-blades-main21.jpg","width":800,"height":800,"caption":"Rasper Blade for woodworking"},{"@type":"BreadcrumbList","@id":"https:\/\/maxtormetal.com\/product\/rasper-blades\/#breadcrumb","itemListElement":[{"@type":"ListItem","position":1,"name":"Home","item":"https:\/\/maxtormetal.com\/"},{"@type":"ListItem","position":2,"name":"Products","item":"https:\/\/maxtormetal.com\/products\/"},{"@type":"ListItem","position":3,"name":"Rasper Blades"}]},{"@type":"WebSite","@id":"https:\/\/maxtormetal.com\/fr\/#website","url":"https:\/\/maxtormetal.com\/fr\/","name":"Metal Industrial, Industrial Blade Manufacturer, Cutting Knives and blades, Machine Knives and blades supplier, Custom Blades solution","description":"Mechanical blades and knives supplier for all machines made by China","publisher":{"@id":"https:\/\/maxtormetal.com\/fr\/#organization"},"potentialAction":[{"@type":"SearchAction","target":{"@type":"EntryPoint","urlTemplate":"https:\/\/maxtormetal.com\/fr\/?s={search_term_string}"},"query-input":{"@type":"PropertyValueSpecification","valueRequired":true,"valueName":"search_term_string"}}],"inLanguage":"pt-PT"},{"@type":["Organization","Place"],"@id":"https:\/\/maxtormetal.com\/fr\/#organization","name":"Nanjing Metal Industrial CO., Limited","alternateName":"Metal Industrial","url":"https:\/\/maxtormetal.com\/fr\/","logo":{"@id":"https:\/\/maxtormetal.com\/product\/rasper-blades\/#local-main-organization-logo"},"image":{"@id":"https:\/\/maxtormetal.com\/product\/rasper-blades\/#local-main-organization-logo"},"sameAs":["https:\/\/www.facebook.com\/mengli.tang.3","https:\/\/x.com\/MengliT13570","https:\/\/www.linkedin.com\/in\/metalindustrial\/"],"description":"NanjingMetal is specialized in manufacturing and supplying industrial blades and knives, and its main business is to provide customers with customized industrial blades to meet their specific needs. With an experienced design and production team, we utilize the supply chain advantage in China to provide customers with competitive high quality industrial blades and knives.","legalName":"Nanjing Metal Industrial CO., Limited","foundingDate":"2006-02-18","numberOfEmployees":{"@type":"QuantitativeValue","minValue":"11","maxValue":"50"},"telephone":[],"openingHoursSpecification":[{"@type":"OpeningHoursSpecification","dayOfWeek":["Monday","Tuesday","Wednesday","Thursday","Friday","Saturday","Sunday"],"opens":"09:00","closes":"17:00"}]},{"@type":"ImageObject","inLanguage":"pt-PT","@id":"https:\/\/maxtormetal.com\/product\/rasper-blades\/#local-main-organization-logo","url":"https:\/\/maxtormetal.com\/wp-content\/uploads\/2023\/08\/cropped-cropped-logo-\u526f\u672c-\u526f\u672c-e1693303172756-1.png","contentUrl":"https:\/\/maxtormetal.com\/wp-content\/uploads\/2023\/08\/cropped-cropped-logo-\u526f\u672c-\u526f\u672c-e1693303172756-1.png","width":441,"height":132,"caption":"Nanjing Metal Industrial CO., Limited"}]}},"_links":{"self":[{"href":"https:\/\/maxtormetal.com\/pt\/wp-json\/wp\/v2\/product\/3243"}],"collection":[{"href":"https:\/\/maxtormetal.com\/pt\/wp-json\/wp\/v2\/product"}],"about":[{"href":"https:\/\/maxtormetal.com\/pt\/wp-json\/wp\/v2\/types\/product"}],"wp:featuredmedia":[{"embeddable":true,"href":"https:\/\/maxtormetal.com\/pt\/wp-json\/wp\/v2\/media\/3246"}],"wp:attachment":[{"href":"https:\/\/maxtormetal.com\/pt\/wp-json\/wp\/v2\/media?parent=3243"}],"wp:term":[{"taxonomy":"product_cat","embeddable":true,"href":"https:\/\/maxtormetal.com\/pt\/wp-json\/wp\/v2\/product_cat?post=3243"},{"taxonomy":"product_tag","embeddable":true,"href":"https:\/\/maxtormetal.com\/pt\/wp-json\/wp\/v2\/product_tag?post=3243"}],"curies":[{"name":"wp","href":"https:\/\/api.w.org\/{rel}","templated":true}]}}