{"id":3198,"date":"2023-10-07T10:51:23","date_gmt":"2023-10-07T02:51:23","guid":{"rendered":"https:\/\/maxtormetal.com\/?post_type=product&#038;p=3198"},"modified":"2024-09-14T17:55:36","modified_gmt":"2024-09-14T09:55:36","slug":"dao-phay-ranh-chu-v","status":"publish","type":"product","link":"https:\/\/maxtormetal.com\/vi\/san-pham\/dao-phay-ranh-chu-v\/","title":{"rendered":"Dao C\u1eaft R\u00e3nh Ch\u1eef V"},"content":{"rendered":"<p>Ch\u00fang t\u00f4i c\u00f3 chuy\u00ean m\u00f4n cao trong vi\u1ec7c s\u1ea3n xu\u1ea5t dao v\u00e0 l\u01b0\u1ee1i dao si\u00eau nh\u1ecf t\u00f9y ch\u1ec9nh c\u00f4ng nghi\u1ec7p cho m\u1ed7i m\u1eabu v\u00e0 b\u1ea3n v\u1ebd. N\u1ebfu b\u1ea1n c\u1ea7n nh\u1eefng con dao v\u00e0 l\u01b0\u1ee1i dao si\u00eau nh\u1ecf \u0111\u01b0\u1ee3c s\u1ea3n xu\u1ea5t theo y\u00eau c\u1ea7u ch\u00ednh x\u00e1c c\u1ee7a m\u00ecnh, vui l\u00f2ng li\u00ean h\u1ec7 v\u1edbi ch\u00fang t\u00f4i ngay b\u00e2y gi\u1edd \u0111\u1ec3 xem c\u00e1ch ch\u00fang t\u00f4i c\u00f3 th\u1ec3 t\u1ea1o ra nh\u1eefng con dao v\u00e0 l\u01b0\u1ee1i dao si\u00eau nh\u1ecf c\u00f4ng nghi\u1ec7p ch\u1ea5t l\u01b0\u1ee3ng cao v\u01b0\u1ee3t qu\u00e1 y\u00eau c\u1ea7u c\u1ee7a b\u1ea1n v\u1edbi m\u1ee9c gi\u00e1 c\u1ea1nh tranh v\u00e0 lu\u00f4n \u0111\u01b0\u1ee3c giao \u0111\u00fang h\u1eb9n.<\/p>\r\n<hr \/>\r\n<h2>T\u1ea1i Sao Ch\u1ecdn METAL?<\/h2>\r\n<ol>\r\n<li><strong> D\u1ecbch V\u1ee5 Nh\u1eadp Kh\u1ea9u Tr\u1ecdn G\u00f3i, Kh\u00f4ng R\u1eafc R\u1ed1i<\/strong><\/li>\r\n<\/ol>\r\n<p>T\u1eadn h\u01b0\u1edfng s\u1ef1 ti\u1ec7n l\u1ee3i c\u1ee7a vi\u1ec7c nh\u1eadp kh\u1ea9u li\u1ec1n m\u1ea1ch. T\u1eeb v\u1eadn chuy\u1ec3n \u0111\u1ebfn th\u00f4ng quan, ch\u00fang t\u00f4i x\u1eed l\u00fd to\u00e0n b\u1ed9 qu\u00e1 tr\u00ecnh. T\u1ea5t c\u1ea3 nh\u1eefng g\u00ec b\u1ea1n c\u1ea7n l\u00e0m l\u00e0 thanh to\u00e1n VAT v\u00e0 ch\u1edd h\u00e0ng \u0111\u1ebfn c\u00f4ng ty.<\/p>\r\n<ol start=\"2\">\r\n<li><strong> Gi\u00e1 C\u1ea3 C\u1ea1nh Tranh<\/strong><\/li>\r\n<\/ol>\r\n<p>Ch\u00fang t\u00f4i \u0111\u00e3 ch\u1ee9ng ki\u1ebfn l\u01b0\u1ee1i dao c\u1ee7a m\u00ecnh xu\u1ea5t s\u1eafc trong v\u00f4 s\u1ed1 \u1ee9ng d\u1ee5ng v\u00e0 s\u1eb5n s\u00e0ng x\u1eed l\u00fd b\u1ea5t k\u1ef3 d\u1ef1 \u00e1n n\u00e0o b\u1ea1n giao ph\u00f3 - mang l\u1ea1i \u0111\u1ed9 ch\u00ednh x\u00e1c, \u0111\u1ed9 b\u1ec1n v\u00e0 m\u1ee9c gi\u00e1 c\u1ea1nh tranh kh\u00f4ng \u0111\u1ed1i th\u1ee7.<\/p>\r\n<ol start=\"3\">\r\n<li><strong> ODM &amp; OEM C\u00f3 S\u1eb5n<\/strong><\/li>\r\n<\/ol>\r\n<p>Cho d\u00f9 b\u1ea1n cung c\u1ea5p b\u1ea3n v\u1ebd, ph\u00e1c th\u1ea3o hay m\u1eabu, ch\u00fang t\u00f4i \u0111\u1ec1u c\u00f3 th\u1ec3 v\u1ebd v\u00e0 s\u1ea3n xu\u1ea5t cho b\u1ea1n. Ch\u00fang t\u00f4i c\u0169ng c\u00f3 kh\u1ea3 n\u0103ng h\u1ed7 tr\u1ee3 s\u1eeda \u0111\u1ed5i c\u00e1c thi\u1ebft k\u1ebf v\u00e0 th\u00f4ng s\u1ed1 k\u1ef9 thu\u1eadt hi\u1ec7n c\u00f3 \u0111\u1ec3 c\u1ea3i thi\u1ec7n h\u1ea7u h\u1ebft m\u1ecdi \u1ee9ng d\u1ee5ng d\u1ee5ng c\u1ee5 c\u00f4ng nghi\u1ec7p. Vui l\u00f2ng li\u00ean h\u1ec7 v\u1edbi \u0111\u1ed9i ng\u0169 b\u00e1n h\u00e0ng chuy\u00ean tr\u00e1ch c\u1ee7a ch\u00fang t\u00f4i \u0111\u1ec3 th\u1ea3o lu\u1eadn v\u1ec1 c\u00e1c y\u00eau c\u1ea7u c\u1ee5 th\u1ec3 c\u1ee7a b\u1ea1n.<\/p>\r\n<ol start=\"4\">\r\n<li><strong> Ki\u1ec3m So\u00e1t Ch\u1ea5t L\u01b0\u1ee3ng Nghi\u00eam Ng\u1eb7t<\/strong><\/li>\r\n<\/ol>\r\n<p>M\u1ed9t lo\u1ea1t c\u00e1c th\u1eed nghi\u1ec7m v\u00e0 ki\u1ec3m tra \u0111\u01b0\u1ee3c th\u1ef1c hi\u1ec7n \u0111\u1ec3 ki\u1ec3m so\u00e1t ch\u1ea5t l\u01b0\u1ee3ng, bao g\u1ed3m ki\u1ec3m tra s\u1ea3n ph\u1ea9m \u0111\u1ea7u ti\u00ean, ki\u1ec3m tra nguy\u00ean v\u1eadt li\u1ec7u \u0111\u1ea7u v\u00e0o v\u00e0 v\u1eadt li\u1ec7u \u0111\u01b0\u1ee3c ch\u1ee9ng nh\u1eadn, ki\u1ec3m tra ch\u1ea5t l\u01b0\u1ee3ng trong qu\u00e1 tr\u00ecnh s\u1ea3n xu\u1ea5t, v\u00e0 ki\u1ec3m tra ch\u1ea5t l\u01b0\u1ee3ng cu\u1ed1i c\u00f9ng.<\/p>\r\n<ol start=\"5\">\r\n<li><strong> Mua S\u1eafm Linh Ho\u1ea1t, H\u1ee3p T\u00e1c Kh\u00f4ng Gi\u1edbi H\u1ea1n<\/strong><\/li>\r\n<\/ol>\r\n<p>D\u00f9 b\u1ea1n l\u00e0 nh\u00e0 nh\u1eadp kh\u1ea9u, nh\u00e0 ph\u00e2n ph\u1ed1i, nh\u00e0 b\u00e1n bu\u00f4n hay ng\u01b0\u1eddi d\u00f9ng cu\u1ed1i, ch\u00fang t\u00f4i \u0111\u1ec1u ch\u00e0o \u0111\u00f3n b\u1ea1n tham gia v\u1edbi MOQ t\u1ed1i thi\u1ec3u, kh\u00f4ng r\u1eafc r\u1ed1i khi y\u00eau c\u1ea7u v\u00e0 t\u1ef1 do mua h\u00e0ng h\u01a1n.<\/p>\r\n<ol start=\"6\">\r\n<li><strong> Gi\u00e1m S\u00e1t N\u01b0\u1edbc Ngo\u00e0i, B\u00e1o C\u00e1o Ti\u1ebfn \u0110\u1ed9 S\u1ea3n Xu\u1ea5t Th\u1eddi Gian Th\u1ef1c<\/strong><\/li>\r\n<\/ol>\r\n<p>Tr\u1edf th\u00e0nh ng\u01b0\u1eddi gi\u00e1m s\u00e1t \u0111\u1ed9c quy\u1ec1n c\u1ee7a b\u1ea1n, truy\u1ec1n t\u1ea3i th\u01b0\u1eddng xuy\u00ean m\u1ecdi n\u00fat quan tr\u1ecdng trong d\u00e2y chuy\u1ec1n s\u1ea3n xu\u1ea5t, d\u00f9 \u1edf xa \u0111\u1ebfn \u0111\u00e2u, ti\u1ebfn \u0111\u1ed9 c\u1ee7a s\u1ea3n ph\u1ea9m s\u1ebd \u0111\u01b0\u1ee3c n\u1eafm b\u1eaft m\u1ed9t c\u00e1ch t\u1ed1t nh\u1ea5t c\u00f3 th\u1ec3.<\/p>","protected":false},"excerpt":{"rendered":"<p>We are highly specialized in manufacturing industrial custom micro knives and blades per sample and drawing. If you need your micro knives and blades manufactured to your exact requirements, please contact us now to see how we can make high quality industrial micro knives and blades exceeding your requirements at a competitive price and always [&hellip;]<\/p>","protected":false},"featured_media":3199,"template":"","meta":[],"product_cat":[114,101,113,104],"product_tag":[384],"yoast_head":"<!-- This site is optimized with the Yoast SEO Premium plugin v23.6 (Yoast SEO v23.6) - https:\/\/yoast.com\/wordpress\/plugins\/seo\/ -->\n<title>V-type Groove Cutter - Maxtor Metal | Custom Industrial Blade Manufacturer &amp; Supplier<\/title>\n<meta name=\"robots\" content=\"index, follow, max-snippet:-1, max-image-preview:large, max-video-preview:-1\" \/>\n<link rel=\"canonical\" href=\"https:\/\/maxtormetal.com\/vi\/san-pham\/dao-phay-ranh-chu-v\/\" \/>\n<meta property=\"og:locale\" content=\"vi_VN\" \/>\n<meta property=\"og:type\" content=\"article\" \/>\n<meta property=\"og:title\" content=\"V-type Groove Cutter\" \/>\n<meta property=\"og:description\" content=\"We are highly specialized in manufacturing industrial custom micro knives and blades per sample and drawing. If you need your micro knives and blades manufactured to your exact requirements, please contact us now to see how we can make high quality industrial micro knives and blades exceeding your requirements at a competitive price and always [&hellip;]\" \/>\n<meta property=\"og:url\" content=\"https:\/\/maxtormetal.com\/vi\/san-pham\/dao-phay-ranh-chu-v\/\" \/>\n<meta property=\"og:site_name\" content=\"Maxtor Metal | Custom Industrial Blade Manufacturer &amp; Supplier\" \/>\n<meta property=\"article:publisher\" content=\"https:\/\/www.facebook.com\/maxtormetalindustrial\" \/>\n<meta property=\"article:modified_time\" content=\"2024-09-14T09:55:36+00:00\" \/>\n<meta property=\"og:image\" content=\"https:\/\/maxtormetal.com\/wp-content\/uploads\/2023\/10\/V-type-groove-cutter-main1.jpg\" \/>\n\t<meta property=\"og:image:width\" content=\"800\" \/>\n\t<meta property=\"og:image:height\" content=\"800\" \/>\n\t<meta property=\"og:image:type\" content=\"image\/jpeg\" \/>\n<meta name=\"twitter:card\" content=\"summary_large_image\" \/>\n<script type=\"application\/ld+json\" class=\"yoast-schema-graph\">{\"@context\":\"https:\/\/schema.org\",\"@graph\":[{\"@type\":[\"WebPage\",\"ItemPage\"],\"@id\":\"https:\/\/maxtormetal.com\/product\/v-type-groove-cutter\/\",\"url\":\"https:\/\/maxtormetal.com\/product\/v-type-groove-cutter\/\",\"name\":\"V-type Groove Cutter - Maxtor Metal | Custom Industrial Blade Manufacturer &amp; Supplier\",\"isPartOf\":{\"@id\":\"https:\/\/maxtormetal.com\/fr\/#website\"},\"primaryImageOfPage\":{\"@id\":\"https:\/\/maxtormetal.com\/product\/v-type-groove-cutter\/#primaryimage\"},\"image\":{\"@id\":\"https:\/\/maxtormetal.com\/product\/v-type-groove-cutter\/#primaryimage\"},\"thumbnailUrl\":\"https:\/\/maxtormetal.com\/wp-content\/uploads\/2023\/10\/V-type-groove-cutter-main1.jpg\",\"datePublished\":\"2023-10-07T02:51:23+00:00\",\"dateModified\":\"2024-09-14T09:55:36+00:00\",\"breadcrumb\":{\"@id\":\"https:\/\/maxtormetal.com\/product\/v-type-groove-cutter\/#breadcrumb\"},\"inLanguage\":\"vi\",\"potentialAction\":[{\"@type\":\"ReadAction\",\"target\":[\"https:\/\/maxtormetal.com\/product\/v-type-groove-cutter\/\"]}]},{\"@type\":\"ImageObject\",\"inLanguage\":\"vi\",\"@id\":\"https:\/\/maxtormetal.com\/product\/v-type-groove-cutter\/#primaryimage\",\"url\":\"https:\/\/maxtormetal.com\/wp-content\/uploads\/2023\/10\/V-type-groove-cutter-main1.jpg\",\"contentUrl\":\"https:\/\/maxtormetal.com\/wp-content\/uploads\/2023\/10\/V-type-groove-cutter-main1.jpg\",\"width\":800,\"height\":800},{\"@type\":\"BreadcrumbList\",\"@id\":\"https:\/\/maxtormetal.com\/product\/v-type-groove-cutter\/#breadcrumb\",\"itemListElement\":[{\"@type\":\"ListItem\",\"position\":1,\"name\":\"Home\",\"item\":\"https:\/\/maxtormetal.com\/\"},{\"@type\":\"ListItem\",\"position\":2,\"name\":\"Products\",\"item\":\"https:\/\/maxtormetal.com\/products\/\"},{\"@type\":\"ListItem\",\"position\":3,\"name\":\"V-type Groove Cutter\"}]},{\"@type\":\"WebSite\",\"@id\":\"https:\/\/maxtormetal.com\/fr\/#website\",\"url\":\"https:\/\/maxtormetal.com\/fr\/\",\"name\":\"Maxtor Metal | Custom Industrial Blade Manufacturer &amp; Supplier\",\"description\":\"Mechanical blades and knives supplier for all machines made by China\",\"publisher\":{\"@id\":\"https:\/\/maxtormetal.com\/fr\/#organization\"},\"potentialAction\":[{\"@type\":\"SearchAction\",\"target\":{\"@type\":\"EntryPoint\",\"urlTemplate\":\"https:\/\/maxtormetal.com\/fr\/?s={search_term_string}\"},\"query-input\":{\"@type\":\"PropertyValueSpecification\",\"valueRequired\":true,\"valueName\":\"search_term_string\"}}],\"inLanguage\":\"vi\"},{\"@type\":[\"Organization\",\"Place\"],\"@id\":\"https:\/\/maxtormetal.com\/fr\/#organization\",\"name\":\"Maxtor Metal\",\"alternateName\":\"Metal Industrial\",\"url\":\"https:\/\/maxtormetal.com\/fr\/\",\"logo\":{\"@id\":\"https:\/\/maxtormetal.com\/product\/v-type-groove-cutter\/#local-main-organization-logo\"},\"image\":{\"@id\":\"https:\/\/maxtormetal.com\/product\/v-type-groove-cutter\/#local-main-organization-logo\"},\"sameAs\":[\"https:\/\/www.facebook.com\/maxtormetalindustrial\",\"https:\/\/www.linkedin.com\/in\/metalindustrial\/\"],\"description\":\"Maxtor Metal (formerly known as Metal Industrial) is a custom industrial blade manufacturer based in Nanjing, China. Established in 2006 under Nanjing Metal Industrial CO., Limited, we specialize in manufacturing industrial machine blades, machine knives, and providing regrinding services for clients in over 80 countries worldwide.\",\"legalName\":\"Nanjing Metal Industrial CO., Limited\",\"foundingDate\":\"2006-02-18\",\"numberOfEmployees\":{\"@type\":\"QuantitativeValue\",\"minValue\":\"11\",\"maxValue\":\"50\"},\"address\":{\"@id\":\"https:\/\/maxtormetal.com\/product\/v-type-groove-cutter\/#local-main-place-address\"},\"telephone\":[],\"openingHoursSpecification\":[{\"@type\":\"OpeningHoursSpecification\",\"dayOfWeek\":[\"Monday\",\"Tuesday\",\"Wednesday\",\"Thursday\",\"Friday\",\"Saturday\",\"Sunday\"],\"opens\":\"09:00\",\"closes\":\"17:00\"}],\"email\":\"sales@maxtormetal.com\",\"areaServed\":\"Worldwide\",\"globalLocationNumber\":\"+86-158-6180-3357\"},{\"@type\":\"PostalAddress\",\"@id\":\"https:\/\/maxtormetal.com\/product\/v-type-groove-cutter\/#local-main-place-address\",\"streetAddress\":\"Mingjue Industrial Park, Lishui\",\"addressLocality\":\"Nanjing\",\"postalCode\":\"211223\",\"addressRegion\":\"Jiangsu\",\"addressCountry\":\"CN\"},{\"@type\":\"ImageObject\",\"inLanguage\":\"vi\",\"@id\":\"https:\/\/maxtormetal.com\/product\/v-type-groove-cutter\/#local-main-organization-logo\",\"url\":\"https:\/\/maxtormetal.com\/wp-content\/uploads\/2023\/08\/cropped-cropped-logo-\u526f\u672c-\u526f\u672c-e1693303172756-1.png\",\"contentUrl\":\"https:\/\/maxtormetal.com\/wp-content\/uploads\/2023\/08\/cropped-cropped-logo-\u526f\u672c-\u526f\u672c-e1693303172756-1.png\",\"width\":441,\"height\":132,\"caption\":\"Maxtor Metal\"}]}<\/script>\n<meta name=\"geo.placename\" content=\"Nanjing\" \/>\n<meta name=\"geo.region\" content=\"Trung Qu\u1ed1c\" \/>\n<!-- \/ Yoast SEO Premium plugin. -->","yoast_head_json":{"title":"V-type Groove Cutter - Maxtor Metal | Custom Industrial Blade Manufacturer &amp; Supplier","robots":{"index":"index","follow":"follow","max-snippet":"max-snippet:-1","max-image-preview":"max-image-preview:large","max-video-preview":"max-video-preview:-1"},"canonical":"https:\/\/maxtormetal.com\/vi\/san-pham\/dao-phay-ranh-chu-v\/","og_locale":"vi_VN","og_type":"article","og_title":"V-type Groove Cutter","og_description":"We are highly specialized in manufacturing industrial custom micro knives and blades per sample and drawing. If you need your micro knives and blades manufactured to your exact requirements, please contact us now to see how we can make high quality industrial micro knives and blades exceeding your requirements at a competitive price and always [&hellip;]","og_url":"https:\/\/maxtormetal.com\/vi\/san-pham\/dao-phay-ranh-chu-v\/","og_site_name":"Maxtor Metal | Custom Industrial Blade Manufacturer &amp; Supplier","article_publisher":"https:\/\/www.facebook.com\/maxtormetalindustrial","article_modified_time":"2024-09-14T09:55:36+00:00","og_image":[{"width":800,"height":800,"url":"https:\/\/maxtormetal.com\/wp-content\/uploads\/2023\/10\/V-type-groove-cutter-main1.jpg","type":"image\/jpeg"}],"twitter_card":"summary_large_image","schema":{"@context":"https:\/\/schema.org","@graph":[{"@type":["WebPage","ItemPage"],"@id":"https:\/\/maxtormetal.com\/product\/v-type-groove-cutter\/","url":"https:\/\/maxtormetal.com\/product\/v-type-groove-cutter\/","name":"V-type Groove Cutter - Maxtor Metal | Custom Industrial Blade Manufacturer &amp; Supplier","isPartOf":{"@id":"https:\/\/maxtormetal.com\/fr\/#website"},"primaryImageOfPage":{"@id":"https:\/\/maxtormetal.com\/product\/v-type-groove-cutter\/#primaryimage"},"image":{"@id":"https:\/\/maxtormetal.com\/product\/v-type-groove-cutter\/#primaryimage"},"thumbnailUrl":"https:\/\/maxtormetal.com\/wp-content\/uploads\/2023\/10\/V-type-groove-cutter-main1.jpg","datePublished":"2023-10-07T02:51:23+00:00","dateModified":"2024-09-14T09:55:36+00:00","breadcrumb":{"@id":"https:\/\/maxtormetal.com\/product\/v-type-groove-cutter\/#breadcrumb"},"inLanguage":"vi","potentialAction":[{"@type":"ReadAction","target":["https:\/\/maxtormetal.com\/product\/v-type-groove-cutter\/"]}]},{"@type":"ImageObject","inLanguage":"vi","@id":"https:\/\/maxtormetal.com\/product\/v-type-groove-cutter\/#primaryimage","url":"https:\/\/maxtormetal.com\/wp-content\/uploads\/2023\/10\/V-type-groove-cutter-main1.jpg","contentUrl":"https:\/\/maxtormetal.com\/wp-content\/uploads\/2023\/10\/V-type-groove-cutter-main1.jpg","width":800,"height":800},{"@type":"BreadcrumbList","@id":"https:\/\/maxtormetal.com\/product\/v-type-groove-cutter\/#breadcrumb","itemListElement":[{"@type":"ListItem","position":1,"name":"Home","item":"https:\/\/maxtormetal.com\/"},{"@type":"ListItem","position":2,"name":"Products","item":"https:\/\/maxtormetal.com\/products\/"},{"@type":"ListItem","position":3,"name":"V-type Groove Cutter"}]},{"@type":"WebSite","@id":"https:\/\/maxtormetal.com\/fr\/#website","url":"https:\/\/maxtormetal.com\/fr\/","name":"Maxtor Metal | Custom Industrial Blade Manufacturer &amp; Supplier","description":"Mechanical blades and knives supplier for all machines made by China","publisher":{"@id":"https:\/\/maxtormetal.com\/fr\/#organization"},"potentialAction":[{"@type":"SearchAction","target":{"@type":"EntryPoint","urlTemplate":"https:\/\/maxtormetal.com\/fr\/?s={search_term_string}"},"query-input":{"@type":"PropertyValueSpecification","valueRequired":true,"valueName":"search_term_string"}}],"inLanguage":"vi"},{"@type":["Organization","Place"],"@id":"https:\/\/maxtormetal.com\/fr\/#organization","name":"Maxtor Metal","alternateName":"Metal Industrial","url":"https:\/\/maxtormetal.com\/fr\/","logo":{"@id":"https:\/\/maxtormetal.com\/product\/v-type-groove-cutter\/#local-main-organization-logo"},"image":{"@id":"https:\/\/maxtormetal.com\/product\/v-type-groove-cutter\/#local-main-organization-logo"},"sameAs":["https:\/\/www.facebook.com\/maxtormetalindustrial","https:\/\/www.linkedin.com\/in\/metalindustrial\/"],"description":"Maxtor Metal (formerly known as Metal Industrial) is a custom industrial blade manufacturer based in Nanjing, China. Established in 2006 under Nanjing Metal Industrial CO., Limited, we specialize in manufacturing industrial machine blades, machine knives, and providing regrinding services for clients in over 80 countries worldwide.","legalName":"Nanjing Metal Industrial CO., Limited","foundingDate":"2006-02-18","numberOfEmployees":{"@type":"QuantitativeValue","minValue":"11","maxValue":"50"},"address":{"@id":"https:\/\/maxtormetal.com\/product\/v-type-groove-cutter\/#local-main-place-address"},"telephone":[],"openingHoursSpecification":[{"@type":"OpeningHoursSpecification","dayOfWeek":["Monday","Tuesday","Wednesday","Thursday","Friday","Saturday","Sunday"],"opens":"09:00","closes":"17:00"}],"email":"sales@maxtormetal.com","areaServed":"Worldwide","globalLocationNumber":"+86-158-6180-3357"},{"@type":"PostalAddress","@id":"https:\/\/maxtormetal.com\/product\/v-type-groove-cutter\/#local-main-place-address","streetAddress":"Mingjue Industrial Park, Lishui","addressLocality":"Nanjing","postalCode":"211223","addressRegion":"Jiangsu","addressCountry":"CN"},{"@type":"ImageObject","inLanguage":"vi","@id":"https:\/\/maxtormetal.com\/product\/v-type-groove-cutter\/#local-main-organization-logo","url":"https:\/\/maxtormetal.com\/wp-content\/uploads\/2023\/08\/cropped-cropped-logo-\u526f\u672c-\u526f\u672c-e1693303172756-1.png","contentUrl":"https:\/\/maxtormetal.com\/wp-content\/uploads\/2023\/08\/cropped-cropped-logo-\u526f\u672c-\u526f\u672c-e1693303172756-1.png","width":441,"height":132,"caption":"Maxtor Metal"}]},"geo.placename":"Nanjing","geo.region":"Trung Qu\u1ed1c"},"_links":{"self":[{"href":"https:\/\/maxtormetal.com\/vi\/wp-json\/wp\/v2\/product\/3198"}],"collection":[{"href":"https:\/\/maxtormetal.com\/vi\/wp-json\/wp\/v2\/product"}],"about":[{"href":"https:\/\/maxtormetal.com\/vi\/wp-json\/wp\/v2\/types\/product"}],"wp:featuredmedia":[{"embeddable":true,"href":"https:\/\/maxtormetal.com\/vi\/wp-json\/wp\/v2\/media\/3199"}],"wp:attachment":[{"href":"https:\/\/maxtormetal.com\/vi\/wp-json\/wp\/v2\/media?parent=3198"}],"wp:term":[{"taxonomy":"product_cat","embeddable":true,"href":"https:\/\/maxtormetal.com\/vi\/wp-json\/wp\/v2\/product_cat?post=3198"},{"taxonomy":"product_tag","embeddable":true,"href":"https:\/\/maxtormetal.com\/vi\/wp-json\/wp\/v2\/product_tag?post=3198"}],"curies":[{"name":"wp","href":"https:\/\/api.w.org\/{rel}","templated":true}]}}