{"id":3302,"date":"2023-10-07T11:47:36","date_gmt":"2023-10-07T03:47:36","guid":{"rendered":"https:\/\/maxtormetal.com\/?post_type=product&#038;p=3302"},"modified":"2025-05-08T15:13:49","modified_gmt":"2025-05-08T07:13:49","slug":"luoi-dao-gom","status":"publish","type":"product","link":"https:\/\/maxtormetal.com\/vi\/san-pham\/luoi-dao-gom\/","title":{"rendered":"L\u01b0\u1ee1i dao g\u1ed1m s\u1ee9"},"content":{"rendered":"<h2><strong>M\u00f4 t\u1ea3 s\u1ea3n ph\u1ea9m l\u01b0\u1ee1i dao g\u1ed1m:<\/strong><\/h2>\r\n<p>L\u01b0\u1ee1i dao g\u1ed1m c\u00f3 nhi\u1ec1u \u01b0u \u0111i\u1ec3m h\u01a1n th\u00e9p, \u0111\u1eb7c bi\u1ec7t l\u00e0 \u0111\u1ed1i v\u1edbi c\u00e1c \u1ee9ng d\u1ee5ng c\u00f4ng nghi\u1ec7p. Kh\u00f4ng gi\u1ed1ng nh\u01b0 kim lo\u1ea1i, l\u01b0\u1ee1i dao ti\u1ec7n \u00edch zirconium oxide tr\u01a1 v\u1ec1 m\u1eb7t h\u00f3a h\u1ecdc. \u0110i\u1ec1u n\u00e0y c\u00f3 ngh\u0129a l\u00e0 kh\u00f4ng c\u00f3 kh\u1ea3 n\u0103ng x\u1ea3y ra ph\u1ea3n \u1ee9ng h\u00f3a h\u1ecdc trong khi b\u1ea1n c\u1eaft, c\u0169ng nh\u01b0 kh\u1ea3 n\u0103ng b\u1ea3o v\u1ec7 m\u1ea1nh m\u1ebd ch\u1ed1ng l\u1ea1i vi khu\u1ea9n c\u00f3 h\u1ea1i. G\u1ed1m kh\u00f4ng bao gi\u1edd b\u1ecb g\u1ec9, c\u00f3 ngh\u0129a l\u00e0 n\u00f3 kh\u00f4ng y\u00eau c\u1ea7u c\u00f9ng lo\u1ea1i d\u1ea7u v\u00e0 ch\u1ea5t b\u00f4i tr\u01a1n \u0111\u01b0\u1ee3c s\u1eed d\u1ee5ng tr\u00ean l\u01b0\u1ee1i dao kim lo\u1ea1i \u0111\u1ec3 ng\u0103n ng\u1eeba r\u1ec9 s\u00e9t s\u1edbm.<\/p>\r\n<h3><strong>L\u01b0\u1ee1i g\u1ed1m hi\u1ec7u su\u1ea5t cao cho kh\u1ea3 n\u0103ng c\u1eaft ch\u00ednh x\u00e1c v\u00e0 k\u00e9o d\u00e0i tu\u1ed5i th\u1ecd<\/strong><\/h3>\r\n<p>L\u01b0\u1ee1i dao g\u1ed1m \u0111\u1ea1i di\u1ec7n cho gi\u1ea3i ph\u00e1p ti\u00ean ti\u1ebfn cho nhi\u1ec1u \u1ee9ng d\u1ee5ng c\u00f4ng nghi\u1ec7p \u0111\u00f2i h\u1ecfi \u0111\u1ed9 c\u1ee9ng, kh\u1ea3 n\u0103ng ch\u1ed1ng m\u00e0i m\u00f2n v\u00e0 t\u00ednh tr\u01a1 v\u1ec1 m\u1eb7t h\u00f3a h\u1ecdc \u0111\u1eb7c bi\u1ec7t. T\u1ea1i Nanjing Metal, ch\u00fang t\u00f4i chuy\u00ean thi\u1ebft k\u1ebf, s\u1ea3n xu\u1ea5t v\u00e0 t\u00f9y ch\u1ec9nh c\u00e1c l\u01b0\u1ee1i dao g\u1ed1m hi\u1ec7u su\u1ea5t cao \u0111\u01b0\u1ee3c thi\u1ebft k\u1ebf \u0111\u1ec3 c\u1eaft ch\u00ednh x\u00e1c v\u00e0 k\u00e9o d\u00e0i tu\u1ed5i th\u1ecd ho\u1ea1t \u0111\u1ed9ng. Chuy\u00ean m\u00f4n c\u1ee7a ch\u00fang t\u00f4i v\u1ec1 v\u1eadt li\u1ec7u g\u1ed1m ti\u00ean ti\u1ebfn v\u00e0 s\u1ea3n xu\u1ea5t ch\u00ednh x\u00e1c \u0111\u1ea3m b\u1ea3o r\u1eb1ng l\u01b0\u1ee1i dao g\u1ed1m c\u1ee7a ch\u00fang t\u00f4i mang l\u1ea1i hi\u1ec7u su\u1ea5t v\u01b0\u1ee3t tr\u1ed9i trong c\u00e1c m\u00f4i tr\u01b0\u1eddng kh\u1eafc nghi\u1ec7t.<\/p>\r\n<h3><strong>\u1ee8ng d\u1ee5ng \u0111a d\u1ea1ng trong nhi\u1ec1u ng\u00e0nh c\u00f4ng nghi\u1ec7p kh\u00e1c nhau:<\/strong><\/h3>\r\n<p>L\u01b0\u1ee1i dao g\u1ed1m c\u1ee7a ch\u00fang t\u00f4i \u0111\u01b0\u1ee3c \u1ee9ng d\u1ee5ng quan tr\u1ecdng trong nhi\u1ec1u ng\u00e0nh c\u00f4ng nghi\u1ec7p m\u00e0 l\u01b0\u1ee1i dao kim lo\u1ea1i truy\u1ec1n th\u1ed1ng c\u00f3 th\u1ec3 kh\u00f4ng \u0111\u00e1p \u1ee9ng \u0111\u01b0\u1ee3c. Trong ng\u00e0nh ch\u1ebf bi\u1ebfn th\u1ef1c ph\u1ea9m, \u0111\u1eb7c t\u00ednh kh\u00f4ng ph\u1ea3n \u1ee9ng v\u00e0 kh\u00f4ng \u0103n m\u00f2n c\u1ee7a ch\u00fang khi\u1ebfn ch\u00fang tr\u1edf n\u00ean l\u00fd t\u01b0\u1edfng \u0111\u1ec3 c\u1eaft nhi\u1ec1u lo\u1ea1i th\u1ef1c ph\u1ea9m kh\u00e1c nhau m\u00e0 kh\u00f4ng b\u1ecb nhi\u1ec5m b\u1ea9n ho\u1eb7c \u0111\u1ed5i m\u00e0u. Ng\u00e0nh y t\u1ebf s\u1eed d\u1ee5ng l\u01b0\u1ee1i dao g\u1ed1m v\u00ec \u0111\u1ed9 s\u1eafc b\u00e9n, kh\u1ea3 n\u0103ng t\u01b0\u01a1ng th\u00edch sinh h\u1ecdc v\u00e0 kh\u1ea3 n\u0103ng kh\u1eed tr\u00f9ng trong c\u00e1c d\u1ee5ng c\u1ee5 ph\u1eabu thu\u1eadt v\u00e0 ch\u1ea9n \u0111o\u00e1n. Trong ng\u00e0nh s\u1ea3n xu\u1ea5t \u0111i\u1ec7n t\u1eed, \u0111\u1eb7c t\u00ednh kh\u00f4ng t\u1eeb t\u00ednh v\u00e0 c\u00e1ch \u0111i\u1ec7n c\u1ee7a ch\u00fang c\u00f3 l\u1ee3i cho vi\u1ec7c c\u1eaft ch\u00ednh x\u00e1c c\u00e1c th\u00e0nh ph\u1ea7n nh\u1ea1y c\u1ea3m. H\u01a1n n\u1eefa, l\u01b0\u1ee1i dao g\u1ed1m \u0111\u01b0\u1ee3c s\u1eed d\u1ee5ng trong ng\u00e0nh d\u1ec7t may, gi\u1ea5y v\u00e0 phim v\u00ec kh\u1ea3 n\u0103ng c\u1eaft s\u1ea1ch v\u00e0 kh\u1ea3 n\u0103ng ch\u1ed1ng m\u00e0i m\u00f2n, gi\u00fap gi\u1ea3m th\u1eddi gian ch\u1ebft v\u00e0 t\u0103ng n\u0103ng su\u1ea5t.<\/p>\r\n<h3><strong>V\u1eadt li\u1ec7u g\u1ed1m ti\u00ean ti\u1ebfn cho hi\u1ec7u su\u1ea5t v\u01b0\u1ee3t tr\u1ed9i:<\/strong><\/h3>\r\n<p>C\u00e1c t\u00ednh ch\u1ea5t \u0111\u1eb7c bi\u1ec7t c\u1ee7a l\u01b0\u1ee1i dao g\u1ed1m c\u1ee7a ch\u00fang t\u00f4i b\u1eaft ngu\u1ed3n t\u1eeb v\u1eadt li\u1ec7u g\u1ed1m ti\u00ean ti\u1ebfn m\u00e0 ch\u00fang t\u00f4i s\u1eed d\u1ee5ng, ch\u1ee7 y\u1ebfu l\u00e0:<\/p>\r\n<ul>\r\n<li><strong>Zirconia (ZrO2):<\/strong> \u0110\u01b0\u1ee3c bi\u1ebft \u0111\u1ebfn v\u1edbi \u0111\u1ed9 b\u1ec1n cao, \u0111\u1ed9 d\u1ebbo dai v\u00e0 kh\u1ea3 n\u0103ng ch\u1ed1ng m\u00e0i m\u00f2n tuy\u1ec7t v\u1eddi. L\u01b0\u1ee1i g\u1ed1m Zirconia mang l\u1ea1i s\u1ef1 c\u00e2n b\u1eb1ng t\u1ed1t gi\u1eefa \u0111\u1ed9 s\u1eafc b\u00e9n v\u00e0 \u0111\u1ed9 b\u1ec1n, ph\u00f9 h\u1ee3p v\u1edbi nhi\u1ec1u \u1ee9ng d\u1ee5ng kh\u00e1c nhau.<\/li>\r\n<li><strong>Nh\u00f4m oxit (Al2O3):<\/strong> Th\u1ec3 hi\u1ec7n \u0111\u1ed9 c\u1ee9ng, kh\u1ea3 n\u0103ng ch\u1ed1ng m\u00e0i m\u00f2n v\u00e0 t\u00ednh tr\u01a1 v\u1ec1 m\u1eb7t h\u00f3a h\u1ecdc \u0111\u1eb7c bi\u1ec7t. L\u01b0\u1ee1i dao g\u1ed1m alumina \u0111\u1eb7c bi\u1ec7t ph\u00f9 h\u1ee3p cho c\u00e1c \u1ee9ng d\u1ee5ng \u0111\u00f2i h\u1ecfi \u0111\u1ed9 ch\u00ednh x\u00e1c cao v\u00e0 kh\u1ea3 n\u0103ng ch\u1ed1ng l\u1ea1i h\u00f3a ch\u1ea5t kh\u1eafc nghi\u1ec7t.<\/li>\r\n<\/ul>\r\n<p>Nh\u1eefng v\u1eadt li\u1ec7u g\u1ed1m ti\u00ean ti\u1ebfn n\u00e0y mang l\u1ea1i nh\u1eefng l\u1ee3i th\u1ebf \u0111\u00e1ng k\u1ec3 so v\u1edbi kim lo\u1ea1i truy\u1ec1n th\u1ed1ng, bao g\u1ed3m \u0111\u1ed9 c\u1ee9ng v\u01b0\u1ee3t tr\u1ed9i, kh\u1ea3 n\u0103ng ch\u1ed1ng m\u00e0i m\u00f2n tuy\u1ec7t v\u1eddi, kh\u1ea3 n\u0103ng ch\u1ed1ng \u0103n m\u00f2n v\u00e0 t\u1ea5n c\u00f4ng h\u00f3a h\u1ecdc, \u0111\u1eb7c t\u00ednh kh\u00f4ng t\u1eeb t\u00ednh v\u00e0 c\u00e1ch \u0111i\u1ec7n. \u0110i\u1ec1u n\u00e0y gi\u00fap l\u01b0\u1ee1i dao c\u00f3 tu\u1ed5i th\u1ecd cao h\u01a1n, gi\u1ea3m b\u1ea3o tr\u00ec v\u00e0 c\u1ea3i thi\u1ec7n hi\u1ec7u su\u1ea5t c\u1eaft trong c\u00e1c \u1ee9ng d\u1ee5ng \u0111\u00f2i h\u1ecfi kh\u1eaft khe.<\/p>\r\n<h3><strong>\u01afu \u0111i\u1ec3m t\u00f9y ch\u1ec9nh v\u1edbi Nanjing Metal:<\/strong><\/h3>\r\n<p>Nanjing Metal n\u1ed5i tr\u1ed9i trong vi\u1ec7c cung c\u1ea5p c\u00e1c gi\u1ea3i ph\u00e1p l\u01b0\u1ee1i dao g\u1ed1m t\u00f9y ch\u1ec9nh theo y\u00eau c\u1ea7u \u1ee9ng d\u1ee5ng c\u1ee5 th\u1ec3 c\u1ee7a b\u1ea1n. Ch\u00fang t\u00f4i hi\u1ec3u r\u1eb1ng c\u00e1c ng\u00e0nh c\u00f4ng nghi\u1ec7p v\u00e0 nhi\u1ec7m v\u1ee5 c\u1eaft kh\u00e1c nhau \u0111\u00f2i h\u1ecfi thi\u1ebft k\u1ebf l\u01b0\u1ee1i dao v\u00e0 \u0111\u1eb7c t\u00ednh v\u1eadt li\u1ec7u \u0111\u1ed9c \u0111\u00e1o. C\u00e1c l\u1ee3i th\u1ebf t\u00f9y ch\u1ec9nh c\u1ee7a ch\u00fang t\u00f4i bao g\u1ed3m:<\/p>\r\n<ul>\r\n<li><strong>\u0110\u1ed9 ch\u00ednh x\u00e1c v\u1ec1 k\u00edch th\u01b0\u1edbc:<\/strong> Ch\u00fang t\u00f4i s\u1ea3n xu\u1ea5t l\u01b0\u1ee1i dao g\u1ed1m theo \u0111\u00fang th\u00f4ng s\u1ed1 k\u00edch th\u01b0\u1edbc c\u1ee7a b\u1ea1n, \u0111\u1ea3m b\u1ea3o t\u00edch h\u1ee3p li\u1ec1n m\u1ea1ch v\u1edbi m\u00e1y m\u00f3c hi\u1ec7n c\u00f3 c\u1ee7a b\u1ea1n.<\/li>\r\n<li><strong>H\u01b0\u1edbng d\u1eabn l\u1ef1a ch\u1ecdn v\u1eadt li\u1ec7u:<\/strong> C\u00e1c chuy\u00ean gia c\u1ee7a ch\u00fang t\u00f4i s\u1ebd h\u01b0\u1edbng d\u1eabn b\u1ea1n l\u1ef1a ch\u1ecdn v\u1eadt li\u1ec7u g\u1ed1m t\u1ed1i \u01b0u (Zirconia ho\u1eb7c Alumina) d\u1ef1a tr\u00ean nhu c\u1ea7u c\u1eaft c\u1ee5 th\u1ec3 v\u00e0 m\u00f4i tr\u01b0\u1eddng v\u1eadn h\u00e0nh c\u1ee7a b\u1ea1n.<\/li>\r\n<li><strong>T\u1ed1i \u01b0u h\u00f3a h\u00ecnh h\u1ecdc c\u1ea1nh:<\/strong> Ch\u00fang t\u00f4i c\u00f3 th\u1ec3 t\u00f9y ch\u1ec9nh h\u00ecnh d\u1ea1ng c\u1ea1nh l\u01b0\u1ee1i dao (g\u00f3c, g\u00f3c v\u00e1t, \u0111\u1ed9 s\u1eafc b\u00e9n) \u0111\u1ec3 t\u1ed1i \u01b0u h\u00f3a hi\u1ec7u su\u1ea5t c\u1eaft cho nhi\u1ec1u lo\u1ea1i v\u1eadt li\u1ec7u v\u00e0 \u1ee9ng d\u1ee5ng kh\u00e1c nhau.<\/li>\r\n<li><strong>T\u00f9y ch\u1ecdn ho\u00e0n thi\u1ec7n b\u1ec1 m\u1eb7t:<\/strong> Ch\u00fang t\u00f4i cung c\u1ea5p nhi\u1ec1u lo\u1ea1i b\u1ec1 m\u1eb7t ho\u00e0n thi\u1ec7n kh\u00e1c nhau \u0111\u1ec3 gi\u1ea3m thi\u1ec3u ma s\u00e1t v\u00e0 \u0111\u1ed9 b\u00e1m d\u00ednh c\u1ee7a v\u1eadt li\u1ec7u, gi\u00fap t\u0103ng c\u01b0\u1eddng hi\u1ec7u qu\u1ea3 c\u1eaft v\u00e0 tu\u1ed5i th\u1ecd c\u1ee7a l\u01b0\u1ee1i dao.<\/li>\r\n<li><strong>Thi\u1ebft k\u1ebf v\u00e0 t\u00ednh n\u0103ng t\u00f9y ch\u1ec9nh:<\/strong> Ch\u00fang t\u00f4i c\u00f3 th\u1ec3 \u0111\u00e1p \u1ee9ng c\u00e1c thi\u1ebft k\u1ebf t\u00f9y ch\u1ec9nh, bao g\u1ed3m h\u00ecnh d\u1ea1ng ph\u1ee9c t\u1ea1p, kh\u00eda v\u00e0 l\u1ed7 l\u1eafp \u0111\u1ec3 \u0111\u00e1p \u1ee9ng c\u00e1c y\u00eau c\u1ea7u ri\u00eang bi\u1ec7t c\u1ee7a \u1ee9ng d\u1ee5ng c\u1ee7a b\u1ea1n.<\/li>\r\n<\/ul>\r\n<p>B\u1eb1ng c\u00e1ch ch\u1ecdn Nanjing Metal cho nhu c\u1ea7u l\u01b0\u1ee1i dao g\u1ed1m c\u1ee7a b\u1ea1n, b\u1ea1n s\u1ebd c\u00f3 quy\u1ec1n truy c\u1eadp v\u00e0o c\u00e1c gi\u1ea3i ph\u00e1p c\u1eaft hi\u1ec7u su\u1ea5t cao, \u0111\u01b0\u1ee3c thi\u1ebft k\u1ebf ch\u00ednh x\u00e1c v\u00e0 \u0111\u01b0\u1ee3c t\u00f9y ch\u1ec9nh ho\u00e0n to\u00e0n, mang l\u1ea1i \u0111\u1ed9 b\u1ec1n, kh\u1ea3 n\u0103ng ch\u1ed1ng m\u00e0i m\u00f2n v\u00e0 hi\u1ec7u su\u1ea5t c\u1eaft v\u01b0\u1ee3t tr\u1ed9i. H\u00e3y li\u00ean h\u1ec7 v\u1edbi ch\u00fang t\u00f4i ngay h\u00f4m nay \u0111\u1ec3 th\u1ea3o lu\u1eadn v\u1ec1 c\u00e1c y\u00eau c\u1ea7u c\u1ee5 th\u1ec3 c\u1ee7a b\u1ea1n v\u00e0 tr\u1ea3i nghi\u1ec7m l\u1ee3i th\u1ebf c\u1ee7a Nanjing Metal trong l\u01b0\u1ee1i dao g\u1ed1m.<\/p>\r\n<hr \/>\r\n<h2>T\u1ea1i Sao Ch\u1ecdn METAL?<\/h2>\r\n<ol>\r\n<li><strong> D\u1ecbch V\u1ee5 Nh\u1eadp Kh\u1ea9u Tr\u1ecdn G\u00f3i, Kh\u00f4ng R\u1eafc R\u1ed1i<\/strong><\/li>\r\n<\/ol>\r\n<p>T\u1eadn h\u01b0\u1edfng s\u1ef1 ti\u1ec7n l\u1ee3i c\u1ee7a vi\u1ec7c nh\u1eadp kh\u1ea9u li\u1ec1n m\u1ea1ch. T\u1eeb v\u1eadn chuy\u1ec3n \u0111\u1ebfn th\u00f4ng quan, ch\u00fang t\u00f4i x\u1eed l\u00fd to\u00e0n b\u1ed9 qu\u00e1 tr\u00ecnh. T\u1ea5t c\u1ea3 nh\u1eefng g\u00ec b\u1ea1n c\u1ea7n l\u00e0m l\u00e0 thanh to\u00e1n VAT v\u00e0 ch\u1edd h\u00e0ng \u0111\u1ebfn c\u00f4ng ty.<\/p>\r\n<ol start=\"2\">\r\n<li><strong> Gi\u00e1 C\u1ea3 C\u1ea1nh Tranh<\/strong><\/li>\r\n<\/ol>\r\n<p>Ch\u00fang t\u00f4i \u0111\u00e3 ch\u1ee9ng ki\u1ebfn l\u01b0\u1ee1i dao c\u1ee7a m\u00ecnh xu\u1ea5t s\u1eafc trong v\u00f4 s\u1ed1 \u1ee9ng d\u1ee5ng v\u00e0 s\u1eb5n s\u00e0ng x\u1eed l\u00fd b\u1ea5t k\u1ef3 d\u1ef1 \u00e1n n\u00e0o b\u1ea1n giao ph\u00f3 - mang l\u1ea1i \u0111\u1ed9 ch\u00ednh x\u00e1c, \u0111\u1ed9 b\u1ec1n v\u00e0 m\u1ee9c gi\u00e1 c\u1ea1nh tranh kh\u00f4ng \u0111\u1ed1i th\u1ee7.<\/p>\r\n<ol start=\"3\">\r\n<li><strong> ODM &amp; OEM C\u00f3 S\u1eb5n<\/strong><\/li>\r\n<\/ol>\r\n<p>Cho d\u00f9 b\u1ea1n cung c\u1ea5p b\u1ea3n v\u1ebd, ph\u00e1c th\u1ea3o hay m\u1eabu, ch\u00fang t\u00f4i \u0111\u1ec1u c\u00f3 th\u1ec3 v\u1ebd v\u00e0 s\u1ea3n xu\u1ea5t cho b\u1ea1n. Ch\u00fang t\u00f4i c\u0169ng c\u00f3 kh\u1ea3 n\u0103ng h\u1ed7 tr\u1ee3 s\u1eeda \u0111\u1ed5i c\u00e1c thi\u1ebft k\u1ebf v\u00e0 th\u00f4ng s\u1ed1 k\u1ef9 thu\u1eadt hi\u1ec7n c\u00f3 \u0111\u1ec3 c\u1ea3i thi\u1ec7n h\u1ea7u h\u1ebft m\u1ecdi \u1ee9ng d\u1ee5ng d\u1ee5ng c\u1ee5 c\u00f4ng nghi\u1ec7p. Vui l\u00f2ng li\u00ean h\u1ec7 v\u1edbi \u0111\u1ed9i ng\u0169 b\u00e1n h\u00e0ng chuy\u00ean tr\u00e1ch c\u1ee7a ch\u00fang t\u00f4i \u0111\u1ec3 th\u1ea3o lu\u1eadn v\u1ec1 c\u00e1c y\u00eau c\u1ea7u c\u1ee5 th\u1ec3 c\u1ee7a b\u1ea1n.<\/p>\r\n<ol start=\"4\">\r\n<li><strong> Ki\u1ec3m So\u00e1t Ch\u1ea5t L\u01b0\u1ee3ng Nghi\u00eam Ng\u1eb7t<\/strong><\/li>\r\n<\/ol>\r\n<p>M\u1ed9t lo\u1ea1t c\u00e1c th\u1eed nghi\u1ec7m v\u00e0 ki\u1ec3m tra \u0111\u01b0\u1ee3c th\u1ef1c hi\u1ec7n \u0111\u1ec3 ki\u1ec3m so\u00e1t ch\u1ea5t l\u01b0\u1ee3ng, bao g\u1ed3m ki\u1ec3m tra s\u1ea3n ph\u1ea9m \u0111\u1ea7u ti\u00ean, ki\u1ec3m tra nguy\u00ean v\u1eadt li\u1ec7u \u0111\u1ea7u v\u00e0o v\u00e0 v\u1eadt li\u1ec7u \u0111\u01b0\u1ee3c ch\u1ee9ng nh\u1eadn, ki\u1ec3m tra ch\u1ea5t l\u01b0\u1ee3ng trong qu\u00e1 tr\u00ecnh s\u1ea3n xu\u1ea5t, v\u00e0 ki\u1ec3m tra ch\u1ea5t l\u01b0\u1ee3ng cu\u1ed1i c\u00f9ng.<\/p>\r\n<ol start=\"5\">\r\n<li><strong> Mua S\u1eafm Linh Ho\u1ea1t, H\u1ee3p T\u00e1c Kh\u00f4ng Gi\u1edbi H\u1ea1n<\/strong><\/li>\r\n<\/ol>\r\n<p>D\u00f9 b\u1ea1n l\u00e0 nh\u00e0 nh\u1eadp kh\u1ea9u, nh\u00e0 ph\u00e2n ph\u1ed1i, nh\u00e0 b\u00e1n bu\u00f4n hay ng\u01b0\u1eddi d\u00f9ng cu\u1ed1i, ch\u00fang t\u00f4i \u0111\u1ec1u ch\u00e0o \u0111\u00f3n b\u1ea1n tham gia v\u1edbi MOQ t\u1ed1i thi\u1ec3u, kh\u00f4ng r\u1eafc r\u1ed1i khi y\u00eau c\u1ea7u v\u00e0 t\u1ef1 do mua h\u00e0ng h\u01a1n.<\/p>\r\n<ol start=\"6\">\r\n<li><strong> Gi\u00e1m S\u00e1t N\u01b0\u1edbc Ngo\u00e0i, B\u00e1o C\u00e1o Ti\u1ebfn \u0110\u1ed9 S\u1ea3n Xu\u1ea5t Th\u1eddi Gian Th\u1ef1c<\/strong><\/li>\r\n<\/ol>\r\n<p>Tr\u1edf th\u00e0nh ng\u01b0\u1eddi gi\u00e1m s\u00e1t \u0111\u1ed9c quy\u1ec1n c\u1ee7a b\u1ea1n, truy\u1ec1n t\u1ea3i th\u01b0\u1eddng xuy\u00ean m\u1ecdi n\u00fat quan tr\u1ecdng trong d\u00e2y chuy\u1ec1n s\u1ea3n xu\u1ea5t, d\u00f9 \u1edf xa \u0111\u1ebfn \u0111\u00e2u, ti\u1ebfn \u0111\u1ed9 c\u1ee7a s\u1ea3n ph\u1ea9m s\u1ebd \u0111\u01b0\u1ee3c n\u1eafm b\u1eaft m\u1ed9t c\u00e1ch t\u1ed1t nh\u1ea5t c\u00f3 th\u1ec3.<\/p>\r\n<p>&nbsp;<\/p>","protected":false},"excerpt":{"rendered":"<p>Ceramic Blades Product Description: Ceramic Blades have many advantages over steel, especially for industrial applications. Unlike metal, a zirconium oxide utility blade is chemically inert. This means no chance of chemical reactions while you cut, as well as a strong defense against harmful bacteria. Ceramic never rusts, which means it doesn\u2019t require the same oils [&hellip;]<\/p>","protected":false},"featured_media":3313,"template":"","meta":[],"product_cat":[107,114,101,103,108],"product_tag":[353,354],"yoast_head":"<!-- This site is optimized with the Yoast SEO Premium plugin v23.6 (Yoast SEO v23.6) - https:\/\/yoast.com\/wordpress\/plugins\/seo\/ -->\n<title>Ceramic Blades<\/title>\n<meta name=\"description\" content=\"Discover the advantages of our Ceramic Blades, offering superior durability and precision for industrial applications. Ideal for efficient cutting solutions.\" \/>\n<meta name=\"robots\" content=\"index, follow, max-snippet:-1, max-image-preview:large, max-video-preview:-1\" \/>\n<link rel=\"canonical\" href=\"https:\/\/maxtormetal.com\/vi\/san-pham\/luoi-dao-gom\/\" \/>\n<meta property=\"og:locale\" content=\"vi_VN\" \/>\n<meta property=\"og:type\" content=\"article\" \/>\n<meta property=\"og:title\" content=\"Ceramic Blades\" \/>\n<meta property=\"og:description\" content=\"Discover the advantages of our Ceramic Blades, offering superior durability and precision for industrial applications. Ideal for efficient cutting solutions.\" \/>\n<meta property=\"og:url\" content=\"https:\/\/maxtormetal.com\/vi\/san-pham\/luoi-dao-gom\/\" \/>\n<meta property=\"og:site_name\" content=\"Metal Industrial, Industrial Blade Manufacturer, Cutting Knives and blades, Machine Knives and blades supplier, Custom Blades solution\" \/>\n<meta property=\"article:publisher\" content=\"https:\/\/www.facebook.com\/mengli.tang.3\" \/>\n<meta property=\"article:modified_time\" content=\"2025-05-08T07:13:49+00:00\" \/>\n<meta property=\"og:image\" content=\"https:\/\/maxtormetal.com\/wp-content\/uploads\/2023\/10\/Ceramic-Slitting-Blade-main11.jpg\" \/>\n\t<meta property=\"og:image:width\" content=\"800\" \/>\n\t<meta property=\"og:image:height\" content=\"800\" \/>\n\t<meta property=\"og:image:type\" content=\"image\/jpeg\" \/>\n<meta name=\"twitter:card\" content=\"summary_large_image\" \/>\n<meta name=\"twitter:site\" content=\"@MengliT13570\" \/>\n<script type=\"application\/ld+json\" class=\"yoast-schema-graph\">{\"@context\":\"https:\/\/schema.org\",\"@graph\":[{\"@type\":[\"WebPage\",\"ItemPage\"],\"@id\":\"https:\/\/maxtormetal.com\/product\/ceramic-blades\/\",\"url\":\"https:\/\/maxtormetal.com\/product\/ceramic-blades\/\",\"name\":\"Ceramic Blades\",\"isPartOf\":{\"@id\":\"https:\/\/maxtormetal.com\/fr\/#website\"},\"primaryImageOfPage\":{\"@id\":\"https:\/\/maxtormetal.com\/product\/ceramic-blades\/#primaryimage\"},\"image\":{\"@id\":\"https:\/\/maxtormetal.com\/product\/ceramic-blades\/#primaryimage\"},\"thumbnailUrl\":\"https:\/\/maxtormetal.com\/wp-content\/uploads\/2023\/10\/Ceramic-Slitting-Blade-main11.jpg\",\"datePublished\":\"2023-10-07T03:47:36+00:00\",\"dateModified\":\"2025-05-08T07:13:49+00:00\",\"description\":\"Discover the advantages of our Ceramic Blades, offering superior durability and precision for industrial applications. Ideal for efficient cutting solutions.\",\"breadcrumb\":{\"@id\":\"https:\/\/maxtormetal.com\/product\/ceramic-blades\/#breadcrumb\"},\"inLanguage\":\"vi\",\"potentialAction\":[{\"@type\":\"ReadAction\",\"target\":[\"https:\/\/maxtormetal.com\/product\/ceramic-blades\/\"]}]},{\"@type\":\"ImageObject\",\"inLanguage\":\"vi\",\"@id\":\"https:\/\/maxtormetal.com\/product\/ceramic-blades\/#primaryimage\",\"url\":\"https:\/\/maxtormetal.com\/wp-content\/uploads\/2023\/10\/Ceramic-Slitting-Blade-main11.jpg\",\"contentUrl\":\"https:\/\/maxtormetal.com\/wp-content\/uploads\/2023\/10\/Ceramic-Slitting-Blade-main11.jpg\",\"width\":800,\"height\":800,\"caption\":\"Ceramic-Slitting-Blade\"},{\"@type\":\"BreadcrumbList\",\"@id\":\"https:\/\/maxtormetal.com\/product\/ceramic-blades\/#breadcrumb\",\"itemListElement\":[{\"@type\":\"ListItem\",\"position\":1,\"name\":\"Home\",\"item\":\"https:\/\/maxtormetal.com\/\"},{\"@type\":\"ListItem\",\"position\":2,\"name\":\"Products\",\"item\":\"https:\/\/maxtormetal.com\/products\/\"},{\"@type\":\"ListItem\",\"position\":3,\"name\":\"Ceramic Blades\"}]},{\"@type\":\"WebSite\",\"@id\":\"https:\/\/maxtormetal.com\/fr\/#website\",\"url\":\"https:\/\/maxtormetal.com\/fr\/\",\"name\":\"Metal Industrial, Industrial Blade Manufacturer, Cutting Knives and blades, Machine Knives and blades supplier, Custom Blades solution\",\"description\":\"Mechanical blades and knives supplier for all machines made by China\",\"publisher\":{\"@id\":\"https:\/\/maxtormetal.com\/fr\/#organization\"},\"potentialAction\":[{\"@type\":\"SearchAction\",\"target\":{\"@type\":\"EntryPoint\",\"urlTemplate\":\"https:\/\/maxtormetal.com\/fr\/?s={search_term_string}\"},\"query-input\":{\"@type\":\"PropertyValueSpecification\",\"valueRequired\":true,\"valueName\":\"search_term_string\"}}],\"inLanguage\":\"vi\"},{\"@type\":[\"Organization\",\"Place\"],\"@id\":\"https:\/\/maxtormetal.com\/fr\/#organization\",\"name\":\"Nanjing Metal Industrial CO., Limited\",\"alternateName\":\"Metal Industrial\",\"url\":\"https:\/\/maxtormetal.com\/fr\/\",\"logo\":{\"@id\":\"https:\/\/maxtormetal.com\/product\/ceramic-blades\/#local-main-organization-logo\"},\"image\":{\"@id\":\"https:\/\/maxtormetal.com\/product\/ceramic-blades\/#local-main-organization-logo\"},\"sameAs\":[\"https:\/\/www.facebook.com\/mengli.tang.3\",\"https:\/\/x.com\/MengliT13570\",\"https:\/\/www.linkedin.com\/in\/metalindustrial\/\"],\"description\":\"NanjingMetal is specialized in manufacturing and supplying industrial blades and knives, and its main business is to provide customers with customized industrial blades to meet their specific needs. With an experienced design and production team, we utilize the supply chain advantage in China to provide customers with competitive high quality industrial blades and knives.\",\"legalName\":\"Nanjing Metal Industrial CO., Limited\",\"foundingDate\":\"2006-02-18\",\"numberOfEmployees\":{\"@type\":\"QuantitativeValue\",\"minValue\":\"11\",\"maxValue\":\"50\"},\"telephone\":[],\"openingHoursSpecification\":[{\"@type\":\"OpeningHoursSpecification\",\"dayOfWeek\":[\"Monday\",\"Tuesday\",\"Wednesday\",\"Thursday\",\"Friday\",\"Saturday\",\"Sunday\"],\"opens\":\"09:00\",\"closes\":\"17:00\"}]},{\"@type\":\"ImageObject\",\"inLanguage\":\"vi\",\"@id\":\"https:\/\/maxtormetal.com\/product\/ceramic-blades\/#local-main-organization-logo\",\"url\":\"https:\/\/maxtormetal.com\/wp-content\/uploads\/2023\/08\/cropped-cropped-logo-\u526f\u672c-\u526f\u672c-e1693303172756-1.png\",\"contentUrl\":\"https:\/\/maxtormetal.com\/wp-content\/uploads\/2023\/08\/cropped-cropped-logo-\u526f\u672c-\u526f\u672c-e1693303172756-1.png\",\"width\":441,\"height\":132,\"caption\":\"Nanjing Metal Industrial CO., Limited\"}]}<\/script>\n<!-- \/ Yoast SEO Premium plugin. -->","yoast_head_json":{"title":"Ceramic Blades","description":"Discover the advantages of our Ceramic Blades, offering superior durability and precision for industrial applications. Ideal for efficient cutting solutions.","robots":{"index":"index","follow":"follow","max-snippet":"max-snippet:-1","max-image-preview":"max-image-preview:large","max-video-preview":"max-video-preview:-1"},"canonical":"https:\/\/maxtormetal.com\/vi\/san-pham\/luoi-dao-gom\/","og_locale":"vi_VN","og_type":"article","og_title":"Ceramic Blades","og_description":"Discover the advantages of our Ceramic Blades, offering superior durability and precision for industrial applications. Ideal for efficient cutting solutions.","og_url":"https:\/\/maxtormetal.com\/vi\/san-pham\/luoi-dao-gom\/","og_site_name":"Metal Industrial, Industrial Blade Manufacturer, Cutting Knives and blades, Machine Knives and blades supplier, Custom Blades solution","article_publisher":"https:\/\/www.facebook.com\/mengli.tang.3","article_modified_time":"2025-05-08T07:13:49+00:00","og_image":[{"width":800,"height":800,"url":"https:\/\/maxtormetal.com\/wp-content\/uploads\/2023\/10\/Ceramic-Slitting-Blade-main11.jpg","type":"image\/jpeg"}],"twitter_card":"summary_large_image","twitter_site":"@MengliT13570","schema":{"@context":"https:\/\/schema.org","@graph":[{"@type":["WebPage","ItemPage"],"@id":"https:\/\/maxtormetal.com\/product\/ceramic-blades\/","url":"https:\/\/maxtormetal.com\/product\/ceramic-blades\/","name":"Ceramic Blades","isPartOf":{"@id":"https:\/\/maxtormetal.com\/fr\/#website"},"primaryImageOfPage":{"@id":"https:\/\/maxtormetal.com\/product\/ceramic-blades\/#primaryimage"},"image":{"@id":"https:\/\/maxtormetal.com\/product\/ceramic-blades\/#primaryimage"},"thumbnailUrl":"https:\/\/maxtormetal.com\/wp-content\/uploads\/2023\/10\/Ceramic-Slitting-Blade-main11.jpg","datePublished":"2023-10-07T03:47:36+00:00","dateModified":"2025-05-08T07:13:49+00:00","description":"Discover the advantages of our Ceramic Blades, offering superior durability and precision for industrial applications. Ideal for efficient cutting solutions.","breadcrumb":{"@id":"https:\/\/maxtormetal.com\/product\/ceramic-blades\/#breadcrumb"},"inLanguage":"vi","potentialAction":[{"@type":"ReadAction","target":["https:\/\/maxtormetal.com\/product\/ceramic-blades\/"]}]},{"@type":"ImageObject","inLanguage":"vi","@id":"https:\/\/maxtormetal.com\/product\/ceramic-blades\/#primaryimage","url":"https:\/\/maxtormetal.com\/wp-content\/uploads\/2023\/10\/Ceramic-Slitting-Blade-main11.jpg","contentUrl":"https:\/\/maxtormetal.com\/wp-content\/uploads\/2023\/10\/Ceramic-Slitting-Blade-main11.jpg","width":800,"height":800,"caption":"Ceramic-Slitting-Blade"},{"@type":"BreadcrumbList","@id":"https:\/\/maxtormetal.com\/product\/ceramic-blades\/#breadcrumb","itemListElement":[{"@type":"ListItem","position":1,"name":"Home","item":"https:\/\/maxtormetal.com\/"},{"@type":"ListItem","position":2,"name":"Products","item":"https:\/\/maxtormetal.com\/products\/"},{"@type":"ListItem","position":3,"name":"Ceramic Blades"}]},{"@type":"WebSite","@id":"https:\/\/maxtormetal.com\/fr\/#website","url":"https:\/\/maxtormetal.com\/fr\/","name":"Metal Industrial, Industrial Blade Manufacturer, Cutting Knives and blades, Machine Knives and blades supplier, Custom Blades solution","description":"Mechanical blades and knives supplier for all machines made by China","publisher":{"@id":"https:\/\/maxtormetal.com\/fr\/#organization"},"potentialAction":[{"@type":"SearchAction","target":{"@type":"EntryPoint","urlTemplate":"https:\/\/maxtormetal.com\/fr\/?s={search_term_string}"},"query-input":{"@type":"PropertyValueSpecification","valueRequired":true,"valueName":"search_term_string"}}],"inLanguage":"vi"},{"@type":["Organization","Place"],"@id":"https:\/\/maxtormetal.com\/fr\/#organization","name":"Nanjing Metal Industrial CO., Limited","alternateName":"Metal Industrial","url":"https:\/\/maxtormetal.com\/fr\/","logo":{"@id":"https:\/\/maxtormetal.com\/product\/ceramic-blades\/#local-main-organization-logo"},"image":{"@id":"https:\/\/maxtormetal.com\/product\/ceramic-blades\/#local-main-organization-logo"},"sameAs":["https:\/\/www.facebook.com\/mengli.tang.3","https:\/\/x.com\/MengliT13570","https:\/\/www.linkedin.com\/in\/metalindustrial\/"],"description":"NanjingMetal is specialized in manufacturing and supplying industrial blades and knives, and its main business is to provide customers with customized industrial blades to meet their specific needs. With an experienced design and production team, we utilize the supply chain advantage in China to provide customers with competitive high quality industrial blades and knives.","legalName":"Nanjing Metal Industrial CO., Limited","foundingDate":"2006-02-18","numberOfEmployees":{"@type":"QuantitativeValue","minValue":"11","maxValue":"50"},"telephone":[],"openingHoursSpecification":[{"@type":"OpeningHoursSpecification","dayOfWeek":["Monday","Tuesday","Wednesday","Thursday","Friday","Saturday","Sunday"],"opens":"09:00","closes":"17:00"}]},{"@type":"ImageObject","inLanguage":"vi","@id":"https:\/\/maxtormetal.com\/product\/ceramic-blades\/#local-main-organization-logo","url":"https:\/\/maxtormetal.com\/wp-content\/uploads\/2023\/08\/cropped-cropped-logo-\u526f\u672c-\u526f\u672c-e1693303172756-1.png","contentUrl":"https:\/\/maxtormetal.com\/wp-content\/uploads\/2023\/08\/cropped-cropped-logo-\u526f\u672c-\u526f\u672c-e1693303172756-1.png","width":441,"height":132,"caption":"Nanjing Metal Industrial CO., Limited"}]}},"_links":{"self":[{"href":"https:\/\/maxtormetal.com\/vi\/wp-json\/wp\/v2\/product\/3302"}],"collection":[{"href":"https:\/\/maxtormetal.com\/vi\/wp-json\/wp\/v2\/product"}],"about":[{"href":"https:\/\/maxtormetal.com\/vi\/wp-json\/wp\/v2\/types\/product"}],"wp:featuredmedia":[{"embeddable":true,"href":"https:\/\/maxtormetal.com\/vi\/wp-json\/wp\/v2\/media\/3313"}],"wp:attachment":[{"href":"https:\/\/maxtormetal.com\/vi\/wp-json\/wp\/v2\/media?parent=3302"}],"wp:term":[{"taxonomy":"product_cat","embeddable":true,"href":"https:\/\/maxtormetal.com\/vi\/wp-json\/wp\/v2\/product_cat?post=3302"},{"taxonomy":"product_tag","embeddable":true,"href":"https:\/\/maxtormetal.com\/vi\/wp-json\/wp\/v2\/product_tag?post=3302"}],"curies":[{"name":"wp","href":"https:\/\/api.w.org\/{rel}","templated":true}]}}